{"id":8371,"date":"2025-11-22T08:37:36","date_gmt":"2025-11-22T07:37:36","guid":{"rendered":"https:\/\/www.mission240.com\/collection\/?post_type=product&#038;p=8371"},"modified":"2026-04-14T19:40:47","modified_gmt":"2026-04-14T17:40:47","slug":"t-shirt-running-team-phenix","status":"publish","type":"product","link":"https:\/\/www.mission240.com\/collection\/produit\/t-shirt-running-team-phenix\/","title":{"rendered":"T-shirt Team Ph\u00e9nix"},"content":{"rendered":"","protected":false},"excerpt":{"rendered":"<p data-start=\"541\" data-end=\"572\">Plus fort \u00e0 chaque kilom\u00e8tre.<\/p>\n<p data-start=\"579\" data-end=\"787\">Le t-shirt officiel Team Ph\u00e9nix, l\u00e9ger, respirant et confortable, pens\u00e9 pour celles et ceux qui avancent, progressent et ne l\u00e2chent rien. Un mod\u00e8le motivant, aussi \u00e0 l\u2019aise \u00e0 l\u2019entra\u00eenement qu\u2019au quotidien.<\/p>\n<p data-start=\"794\" data-end=\"878\">Disponible toute l\u2019ann\u00e9e, toujours pr\u00eat \u00e0 vous accompagner pour courir avec du sens.<\/p>\n","protected":false},"featured_media":19664,"comment_status":"open","ping_status":"closed","template":"","meta":[],"product_brand":[],"product_cat":[58],"product_tag":[],"class_list":{"0":"post-8371","1":"product","2":"type-product","3":"status-publish","4":"has-post-thumbnail","6":"product_cat-t-shirts-techniques","7":"pa_taille-2xl","8":"pa_taille-l","9":"pa_taille-m","10":"pa_taille-s","11":"pa_taille-xl","12":"pa_taille-xs","14":"first","15":"instock","16":"sale","17":"shipping-taxable","18":"purchasable","19":"product-type-variable","20":"has-default-attributes"},"bundled_by":[],"bundle_stock_status":"instock","bundle_stock_quantity":23,"bundle_virtual":false,"bundle_layout":"","bundle_add_to_cart_form_location":"","bundle_editable_in_cart":false,"bundle_sold_individually_context":"","bundle_item_grouping":"","bundle_min_size":"","bundle_max_size":"","bundle_price":[],"bundled_items":[],"bundle_sell_ids":[],"_links":{"self":[{"href":"https:\/\/www.mission240.com\/collection\/wp-json\/wp\/v2\/product\/8371","targetHints":{"allow":["GET"]}}],"collection":[{"href":"https:\/\/www.mission240.com\/collection\/wp-json\/wp\/v2\/product"}],"about":[{"href":"https:\/\/www.mission240.com\/collection\/wp-json\/wp\/v2\/types\/product"}],"replies":[{"embeddable":true,"href":"https:\/\/www.mission240.com\/collection\/wp-json\/wp\/v2\/comments?post=8371"}],"wp:featuredmedia":[{"embeddable":true,"href":"https:\/\/www.mission240.com\/collection\/wp-json\/wp\/v2\/media\/19664"}],"wp:attachment":[{"href":"https:\/\/www.mission240.com\/collection\/wp-json\/wp\/v2\/media?parent=8371"}],"wp:term":[{"taxonomy":"product_brand","embeddable":true,"href":"https:\/\/www.mission240.com\/collection\/wp-json\/wp\/v2\/product_brand?post=8371"},{"taxonomy":"product_cat","embeddable":true,"href":"https:\/\/www.mission240.com\/collection\/wp-json\/wp\/v2\/product_cat?post=8371"},{"taxonomy":"product_tag","embeddable":true,"href":"https:\/\/www.mission240.com\/collection\/wp-json\/wp\/v2\/product_tag?post=8371"}],"curies":[{"name":"wp","href":"https:\/\/api.w.org\/{rel}","templated":true}]}}