{"id":4628,"date":"2025-10-22T12:19:27","date_gmt":"2025-10-22T10:19:27","guid":{"rendered":"https:\/\/www.mission240.com\/collection\/?post_type=product&#038;p=4628"},"modified":"2026-05-04T13:46:09","modified_gmt":"2026-05-04T11:46:09","slug":"t-shirt-team-sanglier-on-charge-les-kilometres","status":"publish","type":"product","link":"https:\/\/www.mission240.com\/collection\/produit\/t-shirt-team-sanglier-on-charge-les-kilometres\/","title":{"rendered":"T-shirt Team Sanglier"},"content":{"rendered":"","protected":false},"excerpt":{"rendered":"<p>T-shirt technique respirant d\u00e9clin\u00e9 en 6 couleurs. Logo exclusif Mission 240 \u2013 Team Sanglier, slogan \u00ab\u00a0On charge les kilom\u00e8tres\u00a0\u00bb. L\u00e9ger, solide et id\u00e9al pour les coureurs d\u00e9termin\u00e9s.<\/p>\n","protected":false},"featured_media":19676,"comment_status":"open","ping_status":"closed","template":"","meta":[],"product_brand":[],"product_cat":[58,153],"product_tag":[],"class_list":{"0":"post-4628","1":"product","2":"type-product","3":"status-publish","4":"has-post-thumbnail","6":"product_cat-t-shirts-techniques","7":"product_cat-t-shirts-running","8":"pa_taille-2xl","9":"pa_taille-l","10":"pa_taille-m","11":"pa_taille-s","12":"pa_taille-xl","13":"pa_taille-xs","15":"first","16":"instock","17":"sale","18":"shipping-taxable","19":"purchasable","20":"product-type-variable","21":"has-default-attributes"},"bundled_by":[],"bundle_stock_status":"instock","bundle_stock_quantity":1,"bundle_virtual":false,"bundle_layout":"","bundle_add_to_cart_form_location":"","bundle_editable_in_cart":false,"bundle_sold_individually_context":"","bundle_item_grouping":"","bundle_min_size":"","bundle_max_size":"","bundle_price":[],"bundled_items":[],"bundle_sell_ids":[],"_links":{"self":[{"href":"https:\/\/www.mission240.com\/collection\/wp-json\/wp\/v2\/product\/4628","targetHints":{"allow":["GET"]}}],"collection":[{"href":"https:\/\/www.mission240.com\/collection\/wp-json\/wp\/v2\/product"}],"about":[{"href":"https:\/\/www.mission240.com\/collection\/wp-json\/wp\/v2\/types\/product"}],"replies":[{"embeddable":true,"href":"https:\/\/www.mission240.com\/collection\/wp-json\/wp\/v2\/comments?post=4628"}],"wp:featuredmedia":[{"embeddable":true,"href":"https:\/\/www.mission240.com\/collection\/wp-json\/wp\/v2\/media\/19676"}],"wp:attachment":[{"href":"https:\/\/www.mission240.com\/collection\/wp-json\/wp\/v2\/media?parent=4628"}],"wp:term":[{"taxonomy":"product_brand","embeddable":true,"href":"https:\/\/www.mission240.com\/collection\/wp-json\/wp\/v2\/product_brand?post=4628"},{"taxonomy":"product_cat","embeddable":true,"href":"https:\/\/www.mission240.com\/collection\/wp-json\/wp\/v2\/product_cat?post=4628"},{"taxonomy":"product_tag","embeddable":true,"href":"https:\/\/www.mission240.com\/collection\/wp-json\/wp\/v2\/product_tag?post=4628"}],"curies":[{"name":"wp","href":"https:\/\/api.w.org\/{rel}","templated":true}]}}