{"id":444,"date":"2025-09-20T16:44:42","date_gmt":"2025-09-20T14:44:42","guid":{"rendered":"https:\/\/www.mission240.com\/collection\/?post_type=product&#038;p=444"},"modified":"2026-04-12T16:53:46","modified_gmt":"2026-04-12T14:53:46","slug":"t-shirt-je-peux-pas-jai-trail","status":"publish","type":"product","link":"https:\/\/www.mission240.com\/collection\/produit\/t-shirt-je-peux-pas-jai-trail\/","title":{"rendered":"T-shirt Trail"},"content":{"rendered":"","protected":false},"excerpt":{"rendered":"<p data-start=\"638\" data-end=\"672\">D\u00e9sol\u00e9, je peux pas\u2026 j\u2019ai trail.<\/p>\n<p data-start=\"679\" data-end=\"905\">Le t-shirt \u00c9dition 240 pens\u00e9 pour celles et ceux qui pr\u00e9f\u00e8rent les sentiers au bitume. L\u00e9ger, respirant et confortable, il vous accompagne en nature, en for\u00eat ou sur les chemins, du premier d\u00e9nivel\u00e9 jusqu\u2019au dernier sourire.<\/p>\n<p data-start=\"912\" data-end=\"981\">Disponible toute l\u2019ann\u00e9e, toujours pr\u00eat \u00e0 partir courir avec du sens.<\/p>\n","protected":false},"featured_media":19666,"comment_status":"open","ping_status":"closed","template":"","meta":[],"product_brand":[],"product_cat":[58],"product_tag":[],"class_list":{"0":"post-444","1":"product","2":"type-product","3":"status-publish","4":"has-post-thumbnail","6":"product_cat-t-shirts-techniques","7":"pa_taille-2xl","8":"pa_taille-l","9":"pa_taille-m","10":"pa_taille-s","11":"pa_taille-xl","12":"pa_taille-xs","14":"first","15":"instock","16":"sale","17":"shipping-taxable","18":"purchasable","19":"product-type-variable","20":"has-default-attributes"},"bundled_by":[],"bundle_stock_status":"instock","bundle_stock_quantity":5,"bundle_virtual":false,"bundle_layout":"","bundle_add_to_cart_form_location":"","bundle_editable_in_cart":false,"bundle_sold_individually_context":"","bundle_item_grouping":"","bundle_min_size":"","bundle_max_size":"","bundle_price":[],"bundled_items":[],"bundle_sell_ids":[],"_links":{"self":[{"href":"https:\/\/www.mission240.com\/collection\/wp-json\/wp\/v2\/product\/444","targetHints":{"allow":["GET"]}}],"collection":[{"href":"https:\/\/www.mission240.com\/collection\/wp-json\/wp\/v2\/product"}],"about":[{"href":"https:\/\/www.mission240.com\/collection\/wp-json\/wp\/v2\/types\/product"}],"replies":[{"embeddable":true,"href":"https:\/\/www.mission240.com\/collection\/wp-json\/wp\/v2\/comments?post=444"}],"wp:featuredmedia":[{"embeddable":true,"href":"https:\/\/www.mission240.com\/collection\/wp-json\/wp\/v2\/media\/19666"}],"wp:attachment":[{"href":"https:\/\/www.mission240.com\/collection\/wp-json\/wp\/v2\/media?parent=444"}],"wp:term":[{"taxonomy":"product_brand","embeddable":true,"href":"https:\/\/www.mission240.com\/collection\/wp-json\/wp\/v2\/product_brand?post=444"},{"taxonomy":"product_cat","embeddable":true,"href":"https:\/\/www.mission240.com\/collection\/wp-json\/wp\/v2\/product_cat?post=444"},{"taxonomy":"product_tag","embeddable":true,"href":"https:\/\/www.mission240.com\/collection\/wp-json\/wp\/v2\/product_tag?post=444"}],"curies":[{"name":"wp","href":"https:\/\/api.w.org\/{rel}","templated":true}]}}