{"id":4246,"date":"2025-10-20T20:13:46","date_gmt":"2025-10-20T18:13:46","guid":{"rendered":"https:\/\/www.mission240.com\/collection\/?post_type=product&#038;p=4246"},"modified":"2026-04-10T20:43:59","modified_gmt":"2026-04-10T18:43:59","slug":"tote-bag-team-tortue","status":"publish","type":"product","link":"https:\/\/www.mission240.com\/collection\/produit\/tote-bag-team-tortue\/","title":{"rendered":"Tote bag Team Tortue"},"content":{"rendered":"<p data-start=\"352\" data-end=\"579\">Affiche fi\u00e8rement les couleurs de la <strong data-start=\"389\" data-end=\"404\">Team Tortue<\/strong> avec ce tote bag unique. Parce qu\u2019on n\u2019a pas besoin d\u2019\u00eatre rapide pour \u00eatre styl\u00e9, ce sac est un clin d\u2019\u0153il humoristique et d\u00e9cal\u00e9 pour tous ceux qui courent \u00e0 leur rythme.<\/p>\n<p data-start=\"581\" data-end=\"774\">Fabriqu\u00e9 en coton naturel et robuste, il est parfait pour tes sorties, tes courses ou ton quotidien. Avec son design color\u00e9 et fun, il apporte une touche sportive et d\u00e9contract\u00e9e \u00e0 ton style.<\/p>\n<p data-start=\"776\" data-end=\"796\">Caract\u00e9ristiques :<\/p>\n<ul data-start=\"797\" data-end=\"1023\">\n<li data-start=\"797\" data-end=\"824\">\n<p data-start=\"799\" data-end=\"824\">Dimensions : 38 \u00d7 42 cm<\/p>\n<\/li>\n<li data-start=\"825\" data-end=\"862\">\n<p data-start=\"827\" data-end=\"862\">Composition : 100 % coton naturel<\/p>\n<\/li>\n<li data-start=\"863\" data-end=\"886\">\n<p data-start=\"865\" data-end=\"886\">Grammage : 140 g\/m\u00b2<\/p>\n<\/li>\n<li data-start=\"887\" data-end=\"932\">\n<p data-start=\"889\" data-end=\"932\">Coutures renforc\u00e9es pour plus de solidit\u00e9<\/p>\n<\/li>\n<li data-start=\"933\" data-end=\"979\">\n<p data-start=\"935\" data-end=\"979\">Anses longues pour un port\u00e9 \u00e9paule ou main<\/p>\n<\/li>\n<li data-start=\"980\" data-end=\"1023\">\n<p data-start=\"982\" data-end=\"1023\">Impression design Team Tortue c\u00f4t\u00e9 face<\/p>\n<\/li>\n<\/ul>\n<p data-start=\"1025\" data-end=\"1171\">\ud83d\udc9c Chaque achat soutient la Mission 240 et ses actions solidaires en faveur des enfants malades, des bless\u00e9s militaires et des pompiers bless\u00e9s.<\/p>\n<p data-start=\"1025\" data-end=\"1171\">Le Team Tortue existe en version <a href=\"https:\/\/www.mission240.com\/collection\/produit\/hoodie-team-tortue-pas-rapide-mais-style\/\">Sweat \u00e0 capuche<\/a>, <a href=\"https:\/\/www.mission240.com\/collection\/produit\/t-shirt-team-tortue\/\">T-shirt Running<\/a>, <a href=\"https:\/\/www.mission240.com\/collection\/produit\/t-shirt-manche-longue-team-tortue\/\">Manche longue<\/a> et <a href=\"https:\/\/www.mission240.com\/collection\/produit\/tote-bag-team-tortue\/\">Tote Bag<\/a><\/p>\n","protected":false},"excerpt":{"rendered":"<p>Sac shopping en coton naturel 140 g\/m\u00b2, avec anses longues et coutures renforc\u00e9es. Le compagnon id\u00e9al des coureurs qui assument leur rythme\u2026 avec style !<\/p>\n","protected":false},"featured_media":4247,"comment_status":"open","ping_status":"closed","template":"","meta":[],"product_brand":[],"product_cat":[146,80],"product_tag":[],"class_list":{"0":"post-4246","1":"product","2":"type-product","3":"status-publish","4":"has-post-thumbnail","6":"product_cat-promo","7":"product_cat-tote-bags","9":"first","10":"instock","11":"shipping-taxable","12":"purchasable","13":"product-type-simple"},"bundled_by":[],"bundle_stock_status":"instock","bundle_stock_quantity":null,"bundle_virtual":false,"bundle_layout":"","bundle_add_to_cart_form_location":"","bundle_editable_in_cart":false,"bundle_sold_individually_context":"","bundle_item_grouping":"","bundle_min_size":"","bundle_max_size":"","bundle_price":[],"bundled_items":[],"bundle_sell_ids":[],"_links":{"self":[{"href":"https:\/\/www.mission240.com\/collection\/wp-json\/wp\/v2\/product\/4246","targetHints":{"allow":["GET"]}}],"collection":[{"href":"https:\/\/www.mission240.com\/collection\/wp-json\/wp\/v2\/product"}],"about":[{"href":"https:\/\/www.mission240.com\/collection\/wp-json\/wp\/v2\/types\/product"}],"replies":[{"embeddable":true,"href":"https:\/\/www.mission240.com\/collection\/wp-json\/wp\/v2\/comments?post=4246"}],"wp:featuredmedia":[{"embeddable":true,"href":"https:\/\/www.mission240.com\/collection\/wp-json\/wp\/v2\/media\/4247"}],"wp:attachment":[{"href":"https:\/\/www.mission240.com\/collection\/wp-json\/wp\/v2\/media?parent=4246"}],"wp:term":[{"taxonomy":"product_brand","embeddable":true,"href":"https:\/\/www.mission240.com\/collection\/wp-json\/wp\/v2\/product_brand?post=4246"},{"taxonomy":"product_cat","embeddable":true,"href":"https:\/\/www.mission240.com\/collection\/wp-json\/wp\/v2\/product_cat?post=4246"},{"taxonomy":"product_tag","embeddable":true,"href":"https:\/\/www.mission240.com\/collection\/wp-json\/wp\/v2\/product_tag?post=4246"}],"curies":[{"name":"wp","href":"https:\/\/api.w.org\/{rel}","templated":true}]}}