{"id":4113,"date":"2025-10-18T20:20:23","date_gmt":"2025-10-18T18:20:23","guid":{"rendered":"https:\/\/www.mission240.com\/collection\/?post_type=product&#038;p=4113"},"modified":"2026-04-30T08:23:05","modified_gmt":"2026-04-30T06:23:05","slug":"debardeur-sport-lindispensable","status":"publish","type":"product","link":"https:\/\/www.mission240.com\/collection\/produit\/debardeur-sport-lindispensable\/","title":{"rendered":"D\u00e9bardeur sport \u2013 L\u2019Indispensable"},"content":{"rendered":"<p data-start=\"299\" data-end=\"555\">D\u00e9bardeur technique en mesh 140g\/m\u00b2, 100% polyester respirant. L\u00e9ger, confortable et con\u00e7u pour performer : sorties running, trail, crossfit, muscu, ou simplement vos journ\u00e9es actives.<br data-start=\"483\" data-end=\"486\" \/>Logo Mission 240 discret sur le c\u0153ur pour un style sportif et engag\u00e9.<\/p>\n<h3 data-start=\"557\" data-end=\"594\">\ud83d\udc9c Pourquoi vous allez l\u2019adorer<\/h3>\n<ul data-start=\"595\" data-end=\"769\">\n<li data-start=\"595\" data-end=\"614\">\n<p data-start=\"597\" data-end=\"614\">Ultra respirant<\/p>\n<\/li>\n<li data-start=\"615\" data-end=\"633\">\n<p data-start=\"617\" data-end=\"633\">S\u00e9chage rapide<\/p>\n<\/li>\n<li data-start=\"634\" data-end=\"653\">\n<p data-start=\"636\" data-end=\"653\">Confort premium<\/p>\n<\/li>\n<li data-start=\"654\" data-end=\"684\">\n<p data-start=\"656\" data-end=\"684\">L\u00e9ger et agr\u00e9able \u00e0 porter<\/p>\n<\/li>\n<li data-start=\"685\" data-end=\"719\">\n<p data-start=\"687\" data-end=\"719\">Id\u00e9al entra\u00eenement &amp; lifestyle<\/p>\n<\/li>\n<li data-start=\"720\" data-end=\"745\">\n<p data-start=\"722\" data-end=\"745\">Logo officiel discret<\/p>\n<\/li>\n<li data-start=\"746\" data-end=\"769\">\n<p data-start=\"748\" data-end=\"769\">Marque fran\u00e7aise \ud83c\uddeb\ud83c\uddf7<\/p>\n<\/li>\n<\/ul>\n","protected":false},"excerpt":{"rendered":"<p>D\u00e9bardeur technique en mesh 140g\/m\u00b2, 100% polyester respirant. L\u00e9ger, confortable et pens\u00e9 pour vos entra\u00eenements comme pour le quotidien. Logo Mission 240 discret sur le c\u0153ur.<\/p>\n","protected":false},"featured_media":20046,"comment_status":"open","ping_status":"closed","template":"","meta":[],"product_brand":[],"product_cat":[61],"product_tag":[],"class_list":{"0":"post-4113","1":"product","2":"type-product","3":"status-publish","4":"has-post-thumbnail","6":"product_cat-debardeurs","7":"pa_taille-2xl","8":"pa_taille-l","9":"pa_taille-m","10":"pa_taille-s","11":"pa_taille-xl","13":"first","14":"instock","15":"sale","16":"shipping-taxable","17":"purchasable","18":"product-type-variable"},"bundled_by":[],"bundle_stock_status":"instock","bundle_stock_quantity":null,"bundle_virtual":false,"bundle_layout":"","bundle_add_to_cart_form_location":"","bundle_editable_in_cart":false,"bundle_sold_individually_context":"","bundle_item_grouping":"","bundle_min_size":"","bundle_max_size":"","bundle_price":[],"bundled_items":[],"bundle_sell_ids":[],"_links":{"self":[{"href":"https:\/\/www.mission240.com\/collection\/wp-json\/wp\/v2\/product\/4113","targetHints":{"allow":["GET"]}}],"collection":[{"href":"https:\/\/www.mission240.com\/collection\/wp-json\/wp\/v2\/product"}],"about":[{"href":"https:\/\/www.mission240.com\/collection\/wp-json\/wp\/v2\/types\/product"}],"replies":[{"embeddable":true,"href":"https:\/\/www.mission240.com\/collection\/wp-json\/wp\/v2\/comments?post=4113"}],"wp:featuredmedia":[{"embeddable":true,"href":"https:\/\/www.mission240.com\/collection\/wp-json\/wp\/v2\/media\/20046"}],"wp:attachment":[{"href":"https:\/\/www.mission240.com\/collection\/wp-json\/wp\/v2\/media?parent=4113"}],"wp:term":[{"taxonomy":"product_brand","embeddable":true,"href":"https:\/\/www.mission240.com\/collection\/wp-json\/wp\/v2\/product_brand?post=4113"},{"taxonomy":"product_cat","embeddable":true,"href":"https:\/\/www.mission240.com\/collection\/wp-json\/wp\/v2\/product_cat?post=4113"},{"taxonomy":"product_tag","embeddable":true,"href":"https:\/\/www.mission240.com\/collection\/wp-json\/wp\/v2\/product_tag?post=4113"}],"curies":[{"name":"wp","href":"https:\/\/api.w.org\/{rel}","templated":true}]}}