{"id":3920,"date":"2025-10-18T19:16:55","date_gmt":"2025-10-18T17:16:55","guid":{"rendered":"https:\/\/www.mission240.com\/collection\/?post_type=product&#038;p=3920"},"modified":"2026-03-19T07:45:28","modified_gmt":"2026-03-19T06:45:28","slug":"t-shirt-manches-longues-team-panda","status":"publish","type":"product","link":"https:\/\/www.mission240.com\/collection\/produit\/t-shirt-manches-longues-team-panda\/","title":{"rendered":"T-shirt manches longues \u2013 Team Panda"},"content":{"rendered":"<p data-start=\"363\" data-end=\"626\">Le <strong data-start=\"393\" data-end=\"431\">T-shirt manches longues Team Panda<\/strong> incarne la cool attitude dans le sport. Avec son slogan <strong data-start=\"488\" data-end=\"519\">\u00ab Courir\u2026 mais tranquille \u00bb<\/strong>, il s\u2019adresse \u00e0 celles et ceux qui aiment bouger sans se prendre la t\u00eate, dans un esprit fun et d\u00e9tendu.<\/p>\n<p data-start=\"628\" data-end=\"788\">Id\u00e9al pour l\u2019hiver et la mi-saison, il offre confort et respirabilit\u00e9. Grand visuel \u00ab\u00a0Team Panda\u00a0\u00bb dans le dos et logo officiel Mission 240 c\u00f4t\u00e9 c\u0153ur \u00e0 l\u2019avant.<\/p>\n<ul data-start=\"790\" data-end=\"971\">\n<li data-start=\"790\" data-end=\"835\">\n<p data-start=\"792\" data-end=\"835\">Mati\u00e8re : 100 % polyester effet respirant<\/p>\n<\/li>\n<li data-start=\"836\" data-end=\"870\">\n<p data-start=\"838\" data-end=\"870\">Maille mesh technique 140 g\/m\u00b2<\/p>\n<\/li>\n<li data-start=\"871\" data-end=\"906\">\n<p data-start=\"873\" data-end=\"906\">Manches longues, coupe sportive<\/p>\n<\/li>\n<li data-start=\"907\" data-end=\"971\">\n<p data-start=\"909\" data-end=\"971\">Visuel Mission 240 \u00ab\u00a0Team Panda\u00a0\u00bb au dos + logo c\u0153ur \u00e0 l\u2019avant<\/p>\n<\/li>\n<\/ul>\n","protected":false},"excerpt":{"rendered":"<p>Tee-shirt sport manches longues. Mesh technique 140 g\/m\u00b2, 100 % polyester respirant. Design exclusif Mission 240 \u00ab\u00a0Team Panda\u00a0\u00bb.<\/p>\n","protected":false},"featured_media":3953,"comment_status":"open","ping_status":"closed","template":"","meta":[],"product_brand":[],"product_cat":[60],"product_tag":[],"class_list":{"0":"post-3920","1":"product","2":"type-product","3":"status-publish","4":"has-post-thumbnail","6":"product_cat-t-shirts-manches-longues","7":"pa_taille-2xl","8":"pa_taille-l","9":"pa_taille-m","10":"pa_taille-s","11":"pa_taille-xl","13":"first","14":"instock","15":"shipping-taxable","16":"purchasable","17":"product-type-variable"},"bundled_by":[],"bundle_stock_status":"instock","bundle_stock_quantity":null,"bundle_virtual":false,"bundle_layout":"","bundle_add_to_cart_form_location":"","bundle_editable_in_cart":false,"bundle_sold_individually_context":"","bundle_item_grouping":"","bundle_min_size":"","bundle_max_size":"","bundle_price":[],"bundled_items":[],"bundle_sell_ids":[],"_links":{"self":[{"href":"https:\/\/www.mission240.com\/collection\/wp-json\/wp\/v2\/product\/3920","targetHints":{"allow":["GET"]}}],"collection":[{"href":"https:\/\/www.mission240.com\/collection\/wp-json\/wp\/v2\/product"}],"about":[{"href":"https:\/\/www.mission240.com\/collection\/wp-json\/wp\/v2\/types\/product"}],"replies":[{"embeddable":true,"href":"https:\/\/www.mission240.com\/collection\/wp-json\/wp\/v2\/comments?post=3920"}],"wp:featuredmedia":[{"embeddable":true,"href":"https:\/\/www.mission240.com\/collection\/wp-json\/wp\/v2\/media\/3953"}],"wp:attachment":[{"href":"https:\/\/www.mission240.com\/collection\/wp-json\/wp\/v2\/media?parent=3920"}],"wp:term":[{"taxonomy":"product_brand","embeddable":true,"href":"https:\/\/www.mission240.com\/collection\/wp-json\/wp\/v2\/product_brand?post=3920"},{"taxonomy":"product_cat","embeddable":true,"href":"https:\/\/www.mission240.com\/collection\/wp-json\/wp\/v2\/product_cat?post=3920"},{"taxonomy":"product_tag","embeddable":true,"href":"https:\/\/www.mission240.com\/collection\/wp-json\/wp\/v2\/product_tag?post=3920"}],"curies":[{"name":"wp","href":"https:\/\/api.w.org\/{rel}","templated":true}]}}