{"id":3661,"date":"2025-10-18T16:29:52","date_gmt":"2025-10-18T14:29:52","guid":{"rendered":"https:\/\/www.mission240.com\/collection\/?post_type=product&#038;p=3661"},"modified":"2026-03-19T07:46:16","modified_gmt":"2026-03-19T06:46:16","slug":"t-shirt-manche-longue-team-biere","status":"publish","type":"product","link":"https:\/\/www.mission240.com\/collection\/produit\/t-shirt-manche-longue-team-biere\/","title":{"rendered":"T-shirt Manche Longue &#8211; Team Bi\u00e8re"},"content":{"rendered":"<p data-start=\"358\" data-end=\"623\">Avec le <strong data-start=\"393\" data-end=\"431\">T-shirt manches longues Team Bi\u00e8re<\/strong>, affichez votre motivation la plus conviviale : <strong data-start=\"480\" data-end=\"510\">\u00ab Je cours pour la bi\u00e8re \u00bb<\/strong> \ud83c\udf7a<br data-start=\"513\" data-end=\"516\" \/>Con\u00e7u pour l\u2019hiver et la mi-saison, il associe humour et technicit\u00e9 gr\u00e2ce \u00e0 son tissu l\u00e9ger et respirant.<\/p>\n<p data-start=\"625\" data-end=\"792\">Grand visuel \u00ab\u00a0Team Bi\u00e8re\u00a0\u00bb dans le dos et logo officiel Mission 240 c\u00f4t\u00e9 c\u0153ur \u00e0 l\u2019avant. Parfait pour vos sorties running, les after-run et les \u00e9v\u00e9nements conviviaux.<\/p>\n<ul data-start=\"794\" data-end=\"975\">\n<li data-start=\"794\" data-end=\"839\">\n<p data-start=\"796\" data-end=\"839\">Mati\u00e8re : 100 % polyester effet respirant<\/p>\n<\/li>\n<li data-start=\"840\" data-end=\"874\">\n<p data-start=\"842\" data-end=\"874\">Maille mesh technique 140 g\/m\u00b2<\/p>\n<\/li>\n<li data-start=\"875\" data-end=\"910\">\n<p data-start=\"877\" data-end=\"910\">Manches longues, coupe sportive<\/p>\n<\/li>\n<li data-start=\"911\" data-end=\"975\">\n<p data-start=\"913\" data-end=\"975\">Visuel Mission 240 \u00ab\u00a0Team Bi\u00e8re\u00a0\u00bb au dos + logo c\u0153ur \u00e0 l\u2019avant<\/p>\n<\/li>\n<\/ul>\n","protected":false},"excerpt":{"rendered":"<p>Tee-shirt sport manches longues. Mesh technique 140 g\/m\u00b2, 100 % polyester respirant. Design exclusif Mission 240 \u00ab\u00a0Team Bi\u00e8re\u00a0\u00bb.<\/p>\n","protected":false},"featured_media":3695,"comment_status":"open","ping_status":"closed","template":"","meta":[],"product_brand":[],"product_cat":[60],"product_tag":[],"class_list":{"0":"post-3661","1":"product","2":"type-product","3":"status-publish","4":"has-post-thumbnail","6":"product_cat-t-shirts-manches-longues","7":"pa_taille-2xl","8":"pa_taille-l","9":"pa_taille-m","10":"pa_taille-s","11":"pa_taille-xl","13":"first","14":"instock","15":"shipping-taxable","16":"purchasable","17":"product-type-variable"},"bundled_by":[],"bundle_stock_status":"instock","bundle_stock_quantity":null,"bundle_virtual":false,"bundle_layout":"","bundle_add_to_cart_form_location":"","bundle_editable_in_cart":false,"bundle_sold_individually_context":"","bundle_item_grouping":"","bundle_min_size":"","bundle_max_size":"","bundle_price":[],"bundled_items":[],"bundle_sell_ids":[],"_links":{"self":[{"href":"https:\/\/www.mission240.com\/collection\/wp-json\/wp\/v2\/product\/3661","targetHints":{"allow":["GET"]}}],"collection":[{"href":"https:\/\/www.mission240.com\/collection\/wp-json\/wp\/v2\/product"}],"about":[{"href":"https:\/\/www.mission240.com\/collection\/wp-json\/wp\/v2\/types\/product"}],"replies":[{"embeddable":true,"href":"https:\/\/www.mission240.com\/collection\/wp-json\/wp\/v2\/comments?post=3661"}],"wp:featuredmedia":[{"embeddable":true,"href":"https:\/\/www.mission240.com\/collection\/wp-json\/wp\/v2\/media\/3695"}],"wp:attachment":[{"href":"https:\/\/www.mission240.com\/collection\/wp-json\/wp\/v2\/media?parent=3661"}],"wp:term":[{"taxonomy":"product_brand","embeddable":true,"href":"https:\/\/www.mission240.com\/collection\/wp-json\/wp\/v2\/product_brand?post=3661"},{"taxonomy":"product_cat","embeddable":true,"href":"https:\/\/www.mission240.com\/collection\/wp-json\/wp\/v2\/product_cat?post=3661"},{"taxonomy":"product_tag","embeddable":true,"href":"https:\/\/www.mission240.com\/collection\/wp-json\/wp\/v2\/product_tag?post=3661"}],"curies":[{"name":"wp","href":"https:\/\/api.w.org\/{rel}","templated":true}]}}