{"id":2703,"date":"2025-10-18T09:10:43","date_gmt":"2025-10-18T07:10:43","guid":{"rendered":"https:\/\/www.mission240.com\/collection\/?post_type=product&#038;p=2703"},"modified":"2026-03-19T07:46:20","modified_gmt":"2026-03-19T06:46:20","slug":"t-shirt-manche-longue-team-tortue","status":"publish","type":"product","link":"https:\/\/www.mission240.com\/collection\/produit\/t-shirt-manche-longue-team-tortue\/","title":{"rendered":"T-shirt Manche Longue &#8211; Team Tortue"},"content":{"rendered":"<p data-start=\"460\" data-end=\"735\">Rejoins la communaut\u00e9 Mission 240 avec le T-shirt <strong data-start=\"537\" data-end=\"552\">Team Tortue<\/strong>.<br data-start=\"553\" data-end=\"556\" \/>Ce mod\u00e8le rend hommage aux coureurs et marcheurs qui avancent \u00e0 leur rythme, avec r\u00e9gularit\u00e9 et pers\u00e9v\u00e9rance. Parce qu\u2019une tortue finit toujours par franchir la ligne d\u2019arriv\u00e9e.<\/p>\n<ul data-start=\"737\" data-end=\"1015\">\n<li data-start=\"737\" data-end=\"805\">\n<p data-start=\"739\" data-end=\"805\">Coupe unisexe, confortable et adapt\u00e9e \u00e0 toutes les morphologies.<\/p>\n<\/li>\n<li data-start=\"806\" data-end=\"875\">\n<p data-start=\"808\" data-end=\"875\">Mati\u00e8re <strong data-start=\"816\" data-end=\"840\">100 % polyester mesh<\/strong>, respirante et \u00e0 s\u00e9chage rapide.<\/p>\n<\/li>\n<li data-start=\"876\" data-end=\"947\">\n<p data-start=\"878\" data-end=\"947\">Grammage <strong data-start=\"887\" data-end=\"899\">140 g\/m\u00b2<\/strong>, l\u00e9ger et agr\u00e9able \u00e0 porter pendant l\u2019effort.<\/p>\n<\/li>\n<li data-start=\"948\" data-end=\"1015\">\n<p data-start=\"950\" data-end=\"1015\">Disponible en plusieurs tailles et coloris selon la collection.<\/p>\n<\/li>\n<\/ul>\n<p data-start=\"1017\" data-end=\"1222\">Chaque T-shirt Mission 240 incarne une valeur forte : solidarit\u00e9, pers\u00e9v\u00e9rance, engagement. Porter le <strong data-start=\"1119\" data-end=\"1134\">Team Tortue<\/strong>, c\u2019est rappeler que l\u2019important n\u2019est pas d\u2019aller vite, mais d\u2019aller loin \u2014 ensemble.<\/p>\n<p data-start=\"1017\" data-end=\"1222\">Le Team Tortue existe en version <a href=\"https:\/\/www.mission240.com\/collection\/produit\/hoodie-team-tortue-pas-rapide-mais-style\/\">Sweat \u00e0 capuche<\/a>, <a href=\"https:\/\/www.mission240.com\/collection\/produit\/t-shirt-team-tortue\/\">T-shirt Running<\/a>, <a href=\"https:\/\/www.mission240.com\/collection\/produit\/t-shirt-manche-longue-team-tortue\/\">Manche longue<\/a> et <a href=\"https:\/\/www.mission240.com\/collection\/produit\/tote-bag-team-tortue\/\">Tote Bag<\/a><\/p>\n","protected":false},"excerpt":{"rendered":"<p>Affiche ton esprit d\u2019\u00e9quipe avec le T-shirt <strong data-start=\"446\" data-end=\"461\">Team Tortue<\/strong>. Un textile technique et respirant pens\u00e9 pour le sport et le quotidien, dans la collection Mission 240.<\/p>\n","protected":false},"featured_media":2761,"comment_status":"open","ping_status":"closed","template":"","meta":[],"product_brand":[],"product_cat":[60],"product_tag":[],"class_list":{"0":"post-2703","1":"product","2":"type-product","3":"status-publish","4":"has-post-thumbnail","6":"product_cat-t-shirts-manches-longues","7":"pa_taille-2xl","8":"pa_taille-l","9":"pa_taille-m","10":"pa_taille-s","11":"pa_taille-xl","13":"first","14":"instock","15":"shipping-taxable","16":"purchasable","17":"product-type-variable"},"bundled_by":[],"bundle_stock_status":"instock","bundle_stock_quantity":null,"bundle_virtual":false,"bundle_layout":"","bundle_add_to_cart_form_location":"","bundle_editable_in_cart":false,"bundle_sold_individually_context":"","bundle_item_grouping":"","bundle_min_size":"","bundle_max_size":"","bundle_price":[],"bundled_items":[],"bundle_sell_ids":[],"_links":{"self":[{"href":"https:\/\/www.mission240.com\/collection\/wp-json\/wp\/v2\/product\/2703","targetHints":{"allow":["GET"]}}],"collection":[{"href":"https:\/\/www.mission240.com\/collection\/wp-json\/wp\/v2\/product"}],"about":[{"href":"https:\/\/www.mission240.com\/collection\/wp-json\/wp\/v2\/types\/product"}],"replies":[{"embeddable":true,"href":"https:\/\/www.mission240.com\/collection\/wp-json\/wp\/v2\/comments?post=2703"}],"wp:featuredmedia":[{"embeddable":true,"href":"https:\/\/www.mission240.com\/collection\/wp-json\/wp\/v2\/media\/2761"}],"wp:attachment":[{"href":"https:\/\/www.mission240.com\/collection\/wp-json\/wp\/v2\/media?parent=2703"}],"wp:term":[{"taxonomy":"product_brand","embeddable":true,"href":"https:\/\/www.mission240.com\/collection\/wp-json\/wp\/v2\/product_brand?post=2703"},{"taxonomy":"product_cat","embeddable":true,"href":"https:\/\/www.mission240.com\/collection\/wp-json\/wp\/v2\/product_cat?post=2703"},{"taxonomy":"product_tag","embeddable":true,"href":"https:\/\/www.mission240.com\/collection\/wp-json\/wp\/v2\/product_tag?post=2703"}],"curies":[{"name":"wp","href":"https:\/\/api.w.org\/{rel}","templated":true}]}}