{"id":24239,"date":"2026-05-08T12:54:54","date_gmt":"2026-05-08T10:54:54","guid":{"rendered":"https:\/\/www.mission240.com\/collection\/?post_type=product&#038;p=24239"},"modified":"2026-05-09T12:55:35","modified_gmt":"2026-05-09T10:55:35","slug":"t-shirt-team-licorne-cosmic","status":"publish","type":"product","link":"https:\/\/www.mission240.com\/collection\/produit\/t-shirt-team-licorne-cosmic\/","title":{"rendered":"T-shirt Team Licorne Cosmic"},"content":{"rendered":"","protected":false},"excerpt":{"rendered":"<p>Le Team Licorne revient dans une version Cosmic encore plus folle : un univers galactique, des couleurs \u00e9clatantes et toujours le m\u00eame \u00e9tat d\u2019esprit. Parce qu\u2019on peut transpirer, courir, marcher\u2026 et garder des paillettes dans la sueur.<\/p>\n","protected":false},"featured_media":24240,"comment_status":"open","ping_status":"closed","template":"","meta":[],"product_brand":[],"product_cat":[58,145,157,129,153],"product_tag":[],"class_list":{"0":"post-24239","1":"product","2":"type-product","3":"status-publish","4":"has-post-thumbnail","6":"product_cat-t-shirts-techniques","7":"product_cat-nouveautes","8":"product_cat-t-shirts-femme","9":"product_cat-randonnee","10":"product_cat-t-shirts-running","11":"pa_taille-2xl","12":"pa_taille-xxs","13":"pa_taille-3xl","14":"pa_taille-l","15":"pa_taille-m","16":"pa_taille-s","17":"pa_taille-xl","18":"pa_taille-xs","20":"first","21":"instock","22":"sale","23":"shipping-taxable","24":"purchasable","25":"product-type-variable"},"bundled_by":[],"bundle_stock_status":"instock","bundle_stock_quantity":null,"bundle_virtual":false,"bundle_layout":"","bundle_add_to_cart_form_location":"","bundle_editable_in_cart":false,"bundle_sold_individually_context":"","bundle_item_grouping":"","bundle_min_size":"","bundle_max_size":"","bundle_price":[],"bundled_items":[],"bundle_sell_ids":[],"_links":{"self":[{"href":"https:\/\/www.mission240.com\/collection\/wp-json\/wp\/v2\/product\/24239","targetHints":{"allow":["GET"]}}],"collection":[{"href":"https:\/\/www.mission240.com\/collection\/wp-json\/wp\/v2\/product"}],"about":[{"href":"https:\/\/www.mission240.com\/collection\/wp-json\/wp\/v2\/types\/product"}],"replies":[{"embeddable":true,"href":"https:\/\/www.mission240.com\/collection\/wp-json\/wp\/v2\/comments?post=24239"}],"wp:featuredmedia":[{"embeddable":true,"href":"https:\/\/www.mission240.com\/collection\/wp-json\/wp\/v2\/media\/24240"}],"wp:attachment":[{"href":"https:\/\/www.mission240.com\/collection\/wp-json\/wp\/v2\/media?parent=24239"}],"wp:term":[{"taxonomy":"product_brand","embeddable":true,"href":"https:\/\/www.mission240.com\/collection\/wp-json\/wp\/v2\/product_brand?post=24239"},{"taxonomy":"product_cat","embeddable":true,"href":"https:\/\/www.mission240.com\/collection\/wp-json\/wp\/v2\/product_cat?post=24239"},{"taxonomy":"product_tag","embeddable":true,"href":"https:\/\/www.mission240.com\/collection\/wp-json\/wp\/v2\/product_tag?post=24239"}],"curies":[{"name":"wp","href":"https:\/\/api.w.org\/{rel}","templated":true}]}}