{"id":24179,"date":"2026-05-07T21:56:04","date_gmt":"2026-05-07T19:56:04","guid":{"rendered":"https:\/\/www.mission240.com\/collection\/?post_type=product&#038;p=24179"},"modified":"2026-05-09T12:50:44","modified_gmt":"2026-05-09T10:50:44","slug":"t-shirt-lama","status":"publish","type":"product","link":"https:\/\/www.mission240.com\/collection\/produit\/t-shirt-lama\/","title":{"rendered":"T-shirt Rando Ros\u00e9"},"content":{"rendered":"","protected":false},"excerpt":{"rendered":"<p>T-shirt mixte pens\u00e9 pour les amoureux de randonn\u00e9e, de nature\u2026 et des pauses bien m\u00e9rit\u00e9es \ud83d\ude04<br data-start=\"116\" data-end=\"119\" \/>Avec son design fun et d\u00e9cal\u00e9, ce mod\u00e8le apporte une touche d\u2019humour aux balades, marches et moments entre amis. Confortable et agr\u00e9able \u00e0 porter, il accompagne toutes les aventures, du sentier \u00e0 l\u2019ap\u00e9ro.<\/p>\n","protected":false},"featured_media":24180,"comment_status":"open","ping_status":"closed","template":"","meta":[],"product_brand":[],"product_cat":[58,145,129],"product_tag":[],"class_list":{"0":"post-24179","1":"product","2":"type-product","3":"status-publish","4":"has-post-thumbnail","6":"product_cat-t-shirts-techniques","7":"product_cat-nouveautes","8":"product_cat-randonnee","9":"pa_taille-2xl","10":"pa_taille-xxs","11":"pa_taille-3xl","12":"pa_taille-l","13":"pa_taille-m","14":"pa_taille-s","15":"pa_taille-xl","16":"pa_taille-xs","18":"first","19":"instock","20":"sale","21":"shipping-taxable","22":"purchasable","23":"product-type-variable"},"bundled_by":[],"bundle_stock_status":"instock","bundle_stock_quantity":null,"bundle_virtual":false,"bundle_layout":"","bundle_add_to_cart_form_location":"","bundle_editable_in_cart":false,"bundle_sold_individually_context":"","bundle_item_grouping":"","bundle_min_size":"","bundle_max_size":"","bundle_price":[],"bundled_items":[],"bundle_sell_ids":[],"_links":{"self":[{"href":"https:\/\/www.mission240.com\/collection\/wp-json\/wp\/v2\/product\/24179","targetHints":{"allow":["GET"]}}],"collection":[{"href":"https:\/\/www.mission240.com\/collection\/wp-json\/wp\/v2\/product"}],"about":[{"href":"https:\/\/www.mission240.com\/collection\/wp-json\/wp\/v2\/types\/product"}],"replies":[{"embeddable":true,"href":"https:\/\/www.mission240.com\/collection\/wp-json\/wp\/v2\/comments?post=24179"}],"wp:featuredmedia":[{"embeddable":true,"href":"https:\/\/www.mission240.com\/collection\/wp-json\/wp\/v2\/media\/24180"}],"wp:attachment":[{"href":"https:\/\/www.mission240.com\/collection\/wp-json\/wp\/v2\/media?parent=24179"}],"wp:term":[{"taxonomy":"product_brand","embeddable":true,"href":"https:\/\/www.mission240.com\/collection\/wp-json\/wp\/v2\/product_brand?post=24179"},{"taxonomy":"product_cat","embeddable":true,"href":"https:\/\/www.mission240.com\/collection\/wp-json\/wp\/v2\/product_cat?post=24179"},{"taxonomy":"product_tag","embeddable":true,"href":"https:\/\/www.mission240.com\/collection\/wp-json\/wp\/v2\/product_tag?post=24179"}],"curies":[{"name":"wp","href":"https:\/\/api.w.org\/{rel}","templated":true}]}}