{"id":23791,"date":"2026-04-29T14:49:09","date_gmt":"2026-04-29T12:49:09","guid":{"rendered":"https:\/\/www.mission240.com\/collection\/?post_type=product&#038;p=23791"},"modified":"2026-04-29T16:57:36","modified_gmt":"2026-04-29T14:57:36","slug":"t-shirt-femme-violet-edition-soutien","status":"publish","type":"product","link":"https:\/\/www.mission240.com\/collection\/produit\/t-shirt-femme-violet-edition-soutien\/","title":{"rendered":"T-shirt Femme Violet \u2013 \u00c9dition Soutien"},"content":{"rendered":"<p data-start=\"233\" data-end=\"278\">Cr\u00e9ez un t-shirt qui vous ressemble vraiment.<\/p>\n<p data-start=\"280\" data-end=\"514\">Ce t-shirt femme coupe raglan en coloris violet allie confort, style et engagement. L\u00e9ger et respirant gr\u00e2ce \u00e0 sa mati\u00e8re technique, il est con\u00e7u pour vous accompagner aussi bien en course \u00e0 pied qu\u2019en s\u00e9ance de sport ou au quotidien.<\/p>\n<p data-start=\"516\" data-end=\"547\">Mais ici, vous allez plus loin.<\/p>\n<p data-start=\"549\" data-end=\"704\">\ud83d\udc49 <strong data-start=\"552\" data-end=\"611\">Choisissez votre visuel parmi les cr\u00e9ations Mission 240<\/strong><br data-start=\"611\" data-end=\"614\" \/>\ud83d\udc49 <strong data-start=\"617\" data-end=\"663\">Affirmez vos valeurs et votre personnalit\u00e9<\/strong><br data-start=\"663\" data-end=\"666\" \/>\ud83d\udc49 <strong data-start=\"669\" data-end=\"704\">Portez un message qui a du sens<\/strong><\/p>\n<p data-start=\"706\" data-end=\"813\">Chaque pi\u00e8ce est personnalis\u00e9e dans notre atelier, avec soin, pour cr\u00e9er un v\u00eatement unique, \u00e0 votre image.<\/p>\n<hr data-start=\"815\" data-end=\"818\" \/>\n<h3 data-section-id=\"hjwh8c\" data-start=\"820\" data-end=\"857\">\ud83d\udc9c Pourquoi vous allez l\u2019adorer :<\/h3>\n<ul data-start=\"859\" data-end=\"1094\">\n<li data-section-id=\"epsebh\" data-start=\"859\" data-end=\"909\">Coupe f\u00e9minine confortable avec manches raglan<\/li>\n<li data-section-id=\"1qhmrp2\" data-start=\"910\" data-end=\"966\">Tissu respirant type dry-fit (id\u00e9al running &amp; sport)<\/li>\n<li data-section-id=\"7hqx68\" data-start=\"967\" data-end=\"1006\">Coloris violet impactant et moderne<\/li>\n<li data-section-id=\"1mwhi9l\" data-start=\"1007\" data-end=\"1048\">Personnalisation avec visuel au choix<\/li>\n<li data-section-id=\"jgbwei\" data-start=\"1049\" data-end=\"1094\">Fabrication artisanale dans notre atelier<\/li>\n<\/ul>\n<hr data-start=\"1096\" data-end=\"1099\" \/>\n<h3 data-section-id=\"xqaz87\" data-start=\"1101\" data-end=\"1135\">\ud83e\udd1d Un t-shirt qui va plus loin<\/h3>\n<p data-start=\"1137\" data-end=\"1206\">En choisissant Mission 240, vous ne portez pas qu\u2019un simple v\u00eatement.<\/p>\n<p data-start=\"1208\" data-end=\"1250\">Vous soutenez des actions concr\u00e8tes pour :<\/p>\n<ul data-start=\"1251\" data-end=\"1343\">\n<li data-section-id=\"kd6zkz\" data-start=\"1251\" data-end=\"1291\">les enfants en situation de handicap<\/li>\n<li data-section-id=\"4k95n0\" data-start=\"1292\" data-end=\"1316\">les pompiers bless\u00e9s<\/li>\n<li data-section-id=\"yukxoa\" data-start=\"1317\" data-end=\"1343\">les militaires bless\u00e9s<\/li>\n<\/ul>\n<hr data-start=\"1345\" data-end=\"1348\" \/>\n<h3 data-section-id=\"1yj1yhh\" data-start=\"1350\" data-end=\"1396\">\u26a1 Votre style. Vos valeurs. Votre message.<\/h3>\n<p data-start=\"1398\" data-end=\"1462\">Ce t-shirt, c\u2019est vous.<br data-start=\"1421\" data-end=\"1424\" \/>Et ce que vous d\u00e9cidez de repr\u00e9senter.<\/p>\n<h3 data-section-id=\"1i4yqsx\" data-start=\"119\" data-end=\"151\">\ud83d\udccf Coupe f\u00e9minine sp\u00e9cifique<\/h3>\n<p data-start=\"153\" data-end=\"258\">Ce mod\u00e8le est un <strong data-start=\"170\" data-end=\"197\">v\u00e9ritable t-shirt femme<\/strong>, avec une coupe ajust\u00e9e pens\u00e9e pour la morphologie f\u00e9minine.<\/p>\n<p data-start=\"260\" data-end=\"300\">\ud83d\udc49 Il ne s\u2019agit pas d\u2019un mod\u00e8le unisexe.<\/p>\n<p data-start=\"302\" data-end=\"449\">Par cons\u00e9quent, <strong data-start=\"318\" data-end=\"387\">notre guide des tailles habituel ne s\u2019applique pas sur ce produit<\/strong>.<br data-start=\"388\" data-end=\"391\" \/>Nous vous invitons \u00e0 vous r\u00e9f\u00e9rer aux mesures ci-dessous :<\/p>\n<ul data-start=\"451\" data-end=\"592\">\n<li data-section-id=\"yoe51g\" data-start=\"475\" data-end=\"497\"><strong data-start=\"477\" data-end=\"482\">S<\/strong> : 62 \/ 44 cm<\/li>\n<li data-section-id=\"n4zpof\" data-start=\"498\" data-end=\"520\"><strong data-start=\"500\" data-end=\"505\">M<\/strong> : 64 \/ 47 cm<\/li>\n<li data-section-id=\"1j09a0q\" data-start=\"521\" data-end=\"543\"><strong data-start=\"523\" data-end=\"528\">L<\/strong> : 66 \/ 50 cm<\/li>\n<li data-section-id=\"6m8xe7\" data-start=\"544\" data-end=\"567\"><strong data-start=\"546\" data-end=\"552\">XL<\/strong> : 68 \/ 53 cm<\/li>\n<\/ul>\n<p data-start=\"594\" data-end=\"630\"><em data-start=\"594\" data-end=\"630\">(A = hauteur \/ B = largeur \u00e0 plat)<\/em><\/p>\n<p data-start=\"306\" data-end=\"535\">\n","protected":false},"excerpt":{"rendered":"<p>T-shirt femme technique Mission 240 en violet, sp\u00e9cialement con\u00e7u pour une coupe f\u00e9minine confortable et \u00e9l\u00e9gante. L\u00e9ger, respirant et personnalisable avec le visuel de votre choix, il allie style, performance et engagement.<\/p>\n","protected":false},"featured_media":23844,"comment_status":"open","ping_status":"closed","template":"","meta":[],"product_brand":[],"product_cat":[151,58,157,158,15],"product_tag":[],"class_list":{"0":"post-23791","1":"product","2":"type-product","3":"status-publish","4":"has-post-thumbnail","6":"product_cat-edition-soutien","7":"product_cat-t-shirts-techniques","8":"product_cat-t-shirts-femme","9":"product_cat-t-shirts-personnalises","10":"product_cat-univers","11":"pa_taille-l","12":"pa_taille-m","13":"pa_taille-s","14":"pa_taille-xl","16":"first","17":"instock","18":"featured","19":"shipping-taxable","20":"purchasable","21":"product-type-variable"},"bundled_by":[],"bundle_stock_status":"instock","bundle_stock_quantity":null,"bundle_virtual":false,"bundle_layout":"","bundle_add_to_cart_form_location":"","bundle_editable_in_cart":false,"bundle_sold_individually_context":"","bundle_item_grouping":"","bundle_min_size":"","bundle_max_size":"","bundle_price":[],"bundled_items":[],"bundle_sell_ids":[],"_links":{"self":[{"href":"https:\/\/www.mission240.com\/collection\/wp-json\/wp\/v2\/product\/23791","targetHints":{"allow":["GET"]}}],"collection":[{"href":"https:\/\/www.mission240.com\/collection\/wp-json\/wp\/v2\/product"}],"about":[{"href":"https:\/\/www.mission240.com\/collection\/wp-json\/wp\/v2\/types\/product"}],"replies":[{"embeddable":true,"href":"https:\/\/www.mission240.com\/collection\/wp-json\/wp\/v2\/comments?post=23791"}],"wp:featuredmedia":[{"embeddable":true,"href":"https:\/\/www.mission240.com\/collection\/wp-json\/wp\/v2\/media\/23844"}],"wp:attachment":[{"href":"https:\/\/www.mission240.com\/collection\/wp-json\/wp\/v2\/media?parent=23791"}],"wp:term":[{"taxonomy":"product_brand","embeddable":true,"href":"https:\/\/www.mission240.com\/collection\/wp-json\/wp\/v2\/product_brand?post=23791"},{"taxonomy":"product_cat","embeddable":true,"href":"https:\/\/www.mission240.com\/collection\/wp-json\/wp\/v2\/product_cat?post=23791"},{"taxonomy":"product_tag","embeddable":true,"href":"https:\/\/www.mission240.com\/collection\/wp-json\/wp\/v2\/product_tag?post=23791"}],"curies":[{"name":"wp","href":"https:\/\/api.w.org\/{rel}","templated":true}]}}