{"id":23143,"date":"2026-04-16T18:17:18","date_gmt":"2026-04-16T16:17:18","guid":{"rendered":"https:\/\/www.mission240.com\/collection\/?post_type=product&#038;p=23143"},"modified":"2026-04-16T18:19:30","modified_gmt":"2026-04-16T16:19:30","slug":"t-shirt-fluo-edition-capsule-design-au-choix-mission-240","status":"publish","type":"product","link":"https:\/\/www.mission240.com\/collection\/produit\/t-shirt-fluo-edition-capsule-design-au-choix-mission-240\/","title":{"rendered":"T-shirt Fluo \u00c9dition Capsule \u2013 Design au Choix Mission 240"},"content":{"rendered":"","protected":false},"excerpt":{"rendered":"<p data-start=\"141\" data-end=\"319\">S\u00e9rie limit\u00e9e fluo Mission 240 : seulement 15 pi\u00e8ces par taille (S, M, L).<br data-start=\"215\" data-end=\"218\" \/>Choisissez votre visuel pr\u00e9f\u00e9r\u00e9 parmi toute la gamme et cr\u00e9ez un t-shirt unique, visible et engag\u00e9.<\/p>\n","protected":false},"featured_media":23147,"comment_status":"open","ping_status":"closed","template":"","meta":[],"product_brand":[],"product_cat":[151,145,111],"product_tag":[],"class_list":{"0":"post-23143","1":"product","2":"type-product","3":"status-publish","4":"has-post-thumbnail","6":"product_cat-edition-soutien","7":"product_cat-nouveautes","8":"product_cat-editions-limitees","9":"pa_taille-l","10":"pa_taille-m","11":"pa_taille-s","13":"first","14":"instock","15":"shipping-taxable","16":"purchasable","17":"product-type-variable"},"bundled_by":[],"bundle_stock_status":"instock","bundle_stock_quantity":null,"bundle_virtual":false,"bundle_layout":"","bundle_add_to_cart_form_location":"","bundle_editable_in_cart":false,"bundle_sold_individually_context":"","bundle_item_grouping":"","bundle_min_size":"","bundle_max_size":"","bundle_price":[],"bundled_items":[],"bundle_sell_ids":[],"_links":{"self":[{"href":"https:\/\/www.mission240.com\/collection\/wp-json\/wp\/v2\/product\/23143","targetHints":{"allow":["GET"]}}],"collection":[{"href":"https:\/\/www.mission240.com\/collection\/wp-json\/wp\/v2\/product"}],"about":[{"href":"https:\/\/www.mission240.com\/collection\/wp-json\/wp\/v2\/types\/product"}],"replies":[{"embeddable":true,"href":"https:\/\/www.mission240.com\/collection\/wp-json\/wp\/v2\/comments?post=23143"}],"wp:featuredmedia":[{"embeddable":true,"href":"https:\/\/www.mission240.com\/collection\/wp-json\/wp\/v2\/media\/23147"}],"wp:attachment":[{"href":"https:\/\/www.mission240.com\/collection\/wp-json\/wp\/v2\/media?parent=23143"}],"wp:term":[{"taxonomy":"product_brand","embeddable":true,"href":"https:\/\/www.mission240.com\/collection\/wp-json\/wp\/v2\/product_brand?post=23143"},{"taxonomy":"product_cat","embeddable":true,"href":"https:\/\/www.mission240.com\/collection\/wp-json\/wp\/v2\/product_cat?post=23143"},{"taxonomy":"product_tag","embeddable":true,"href":"https:\/\/www.mission240.com\/collection\/wp-json\/wp\/v2\/product_tag?post=23143"}],"curies":[{"name":"wp","href":"https:\/\/api.w.org\/{rel}","templated":true}]}}