{"id":1932,"date":"2025-10-13T07:57:31","date_gmt":"2025-10-13T05:57:31","guid":{"rendered":"https:\/\/www.mission240.com\/collection\/?post_type=product&#038;p=1932"},"modified":"2026-04-15T14:09:16","modified_gmt":"2026-04-15T12:09:16","slug":"t-shirt-team-panda","status":"publish","type":"product","link":"https:\/\/www.mission240.com\/collection\/produit\/t-shirt-team-panda\/","title":{"rendered":"T-shirt Team Panda"},"content":{"rendered":"","protected":false},"excerpt":{"rendered":"<p data-start=\"550\" data-end=\"575\">Cool, simple, efficace.<\/p>\n<p data-start=\"582\" data-end=\"718\">Le t-shirt officiel Team Panda, l\u00e9ger, respirant et ultra confortable, parfait pour courir, marcher ou s\u2019entra\u00eener sans prise de t\u00eate.<\/p>\n<p data-start=\"725\" data-end=\"809\">Disponible toute l\u2019ann\u00e9e, toujours pr\u00eat \u00e0 vous accompagner pour courir avec du sens.<\/p>\n","protected":false},"featured_media":4334,"comment_status":"open","ping_status":"closed","template":"","meta":[],"product_brand":[],"product_cat":[113,112,58],"product_tag":[],"class_list":{"0":"post-1932","1":"product","2":"type-product","3":"status-publish","4":"has-post-thumbnail","6":"product_cat-best-sellers","7":"product_cat-signature","8":"product_cat-t-shirts-techniques","9":"pa_taille-2xl","10":"pa_taille-l","11":"pa_taille-m","12":"pa_taille-s","13":"pa_taille-xl","14":"pa_taille-xs","16":"first","17":"instock","18":"sale","19":"featured","20":"shipping-taxable","21":"purchasable","22":"product-type-variable","23":"has-default-attributes"},"bundled_by":["15076"],"bundle_stock_status":"instock","bundle_stock_quantity":60,"bundle_virtual":false,"bundle_layout":"","bundle_add_to_cart_form_location":"","bundle_editable_in_cart":false,"bundle_sold_individually_context":"","bundle_item_grouping":"","bundle_min_size":"","bundle_max_size":"","bundle_price":[],"bundled_items":[],"bundle_sell_ids":[],"_links":{"self":[{"href":"https:\/\/www.mission240.com\/collection\/wp-json\/wp\/v2\/product\/1932","targetHints":{"allow":["GET"]}}],"collection":[{"href":"https:\/\/www.mission240.com\/collection\/wp-json\/wp\/v2\/product"}],"about":[{"href":"https:\/\/www.mission240.com\/collection\/wp-json\/wp\/v2\/types\/product"}],"replies":[{"embeddable":true,"href":"https:\/\/www.mission240.com\/collection\/wp-json\/wp\/v2\/comments?post=1932"}],"wp:featuredmedia":[{"embeddable":true,"href":"https:\/\/www.mission240.com\/collection\/wp-json\/wp\/v2\/media\/4334"}],"wp:attachment":[{"href":"https:\/\/www.mission240.com\/collection\/wp-json\/wp\/v2\/media?parent=1932"}],"wp:term":[{"taxonomy":"product_brand","embeddable":true,"href":"https:\/\/www.mission240.com\/collection\/wp-json\/wp\/v2\/product_brand?post=1932"},{"taxonomy":"product_cat","embeddable":true,"href":"https:\/\/www.mission240.com\/collection\/wp-json\/wp\/v2\/product_cat?post=1932"},{"taxonomy":"product_tag","embeddable":true,"href":"https:\/\/www.mission240.com\/collection\/wp-json\/wp\/v2\/product_tag?post=1932"}],"curies":[{"name":"wp","href":"https:\/\/api.w.org\/{rel}","templated":true}]}}