{"id":19165,"date":"2026-02-19T17:56:04","date_gmt":"2026-02-19T16:56:04","guid":{"rendered":"https:\/\/www.mission240.com\/collection\/?post_type=product&#038;p=19165"},"modified":"2026-04-15T19:57:07","modified_gmt":"2026-04-15T17:57:07","slug":"sac-de-sport-team-tortue","status":"publish","type":"product","link":"https:\/\/www.mission240.com\/collection\/produit\/sac-de-sport-team-tortue\/","title":{"rendered":"Sac de sport"},"content":{"rendered":"<p><strong>Un sac simple, utile\u2026 et personnalisable<\/strong><\/p>\n<p>Ce sac Mission 240 t\u2019accompagne avant, pendant ou apr\u00e8s l\u2019effort. L\u00e9ger, compact et pratique, il te permet d\u2019emporter facilement tes affaires de sport ou ton essentiel du quotidien.<\/p>\n<p>Choisis le visuel qui te correspond parmi les designs Mission 240 (Team Tortue et autres teams) et porte un message qui te ressemble.<\/p>\n<p><strong>Pens\u00e9 pour le sport et le quotidien<\/strong><\/p>\n<p>Gr\u00e2ce \u00e0 sa fermeture par cordon rapide et sa conception l\u00e9g\u00e8re, ce sac se porte facilement en entra\u00eenement, en comp\u00e9tition, \u00e0 la salle ou en d\u00e9placement. Il transporte l\u2019essentiel sans encombrer.<\/p>\n<ul>\n<li>Format l\u00e9ger et compact<\/li>\n<li>Fermeture rapide par cordon<\/li>\n<li>Facile \u00e0 transporter<\/li>\n<li>Haute visibilit\u00e9 pour les activit\u00e9s sportives<\/li>\n<li>Visuel Mission 240 au choix<\/li>\n<\/ul>\n<p><strong>Plus qu\u2019un accessoire<\/strong><\/p>\n<p>Ce sac ne sert pas seulement \u00e0 transporter tes affaires. Il transporte aussi un message.<\/p>\n<p>Comme chaque produit Mission 240, il participe au financement d\u2019actions solidaires concr\u00e8tes.<\/p>\n<p>Le porter, c\u2019est afficher ton \u00e9tat d\u2019esprit.<\/p>\n<p><strong>Courir avec du sens, m\u00eame au quotidien.<\/strong><\/p>\n","protected":false},"excerpt":{"rendered":"<p>Sac l\u00e9ger et pratique personnalisable avec le visuel de ton choix (Team Tortue et autres designs Mission 240). Id\u00e9al pour le running, la salle ou le quotidien, il transporte l\u2019essentiel tout en affichant ton \u00e9tat d\u2019esprit : courir avec du sens.<\/p>\n","protected":false},"featured_media":19166,"comment_status":"open","ping_status":"closed","template":"","meta":[],"product_brand":[],"product_cat":[88,146],"product_tag":[],"class_list":{"0":"post-19165","1":"product","2":"type-product","3":"status-publish","4":"has-post-thumbnail","6":"product_cat-casquettes","7":"product_cat-promo","9":"first","10":"instock","11":"sale","12":"shipping-taxable","13":"purchasable","14":"product-type-variable"},"bundled_by":[],"bundle_stock_status":"instock","bundle_stock_quantity":2,"bundle_virtual":false,"bundle_layout":"","bundle_add_to_cart_form_location":"","bundle_editable_in_cart":false,"bundle_sold_individually_context":"","bundle_item_grouping":"","bundle_min_size":"","bundle_max_size":"","bundle_price":[],"bundled_items":[],"bundle_sell_ids":[],"_links":{"self":[{"href":"https:\/\/www.mission240.com\/collection\/wp-json\/wp\/v2\/product\/19165","targetHints":{"allow":["GET"]}}],"collection":[{"href":"https:\/\/www.mission240.com\/collection\/wp-json\/wp\/v2\/product"}],"about":[{"href":"https:\/\/www.mission240.com\/collection\/wp-json\/wp\/v2\/types\/product"}],"replies":[{"embeddable":true,"href":"https:\/\/www.mission240.com\/collection\/wp-json\/wp\/v2\/comments?post=19165"}],"wp:featuredmedia":[{"embeddable":true,"href":"https:\/\/www.mission240.com\/collection\/wp-json\/wp\/v2\/media\/19166"}],"wp:attachment":[{"href":"https:\/\/www.mission240.com\/collection\/wp-json\/wp\/v2\/media?parent=19165"}],"wp:term":[{"taxonomy":"product_brand","embeddable":true,"href":"https:\/\/www.mission240.com\/collection\/wp-json\/wp\/v2\/product_brand?post=19165"},{"taxonomy":"product_cat","embeddable":true,"href":"https:\/\/www.mission240.com\/collection\/wp-json\/wp\/v2\/product_cat?post=19165"},{"taxonomy":"product_tag","embeddable":true,"href":"https:\/\/www.mission240.com\/collection\/wp-json\/wp\/v2\/product_tag?post=19165"}],"curies":[{"name":"wp","href":"https:\/\/api.w.org\/{rel}","templated":true}]}}