{"id":14377,"date":"2026-01-02T19:16:17","date_gmt":"2026-01-02T18:16:17","guid":{"rendered":"https:\/\/www.mission240.com\/collection\/?post_type=product&#038;p=14377"},"modified":"2026-04-11T07:51:55","modified_gmt":"2026-04-11T05:51:55","slug":"la-selection-team-licorne","status":"publish","type":"product","link":"https:\/\/www.mission240.com\/collection\/produit\/la-selection-team-licorne\/","title":{"rendered":"La S\u00e9lection Team Licorne"},"content":{"rendered":"<p data-start=\"248\" data-end=\"426\">La S\u00e9lection Team Licorne r\u00e9unit deux pi\u00e8ces essentielles Mission 240 : un t-shirt et un hoodie, pens\u00e9s pour accompagner celles et ceux qui avancent avec audace et d\u00e9termination.<\/p>\n<p data-start=\"428\" data-end=\"707\">Le t-shirt Team Licorne est con\u00e7u pour offrir confort et libert\u00e9 de mouvement, aussi bien \u00e0 l\u2019entra\u00eenement que dans la vie de tous les jours.<br data-start=\"569\" data-end=\"572\" \/>Le hoodie Team Licorne compl\u00e8te l\u2019ensemble avec une protection confortable, id\u00e9ale avant ou apr\u00e8s l\u2019effort, ou simplement au quotidien.<\/p>\n<p data-start=\"709\" data-end=\"890\">Cette s\u00e9lection s\u2019adresse \u00e0 celles et ceux qui n\u2019entrent pas dans les cases, qui assument leur singularit\u00e9 et qui avancent avec confiance, sans chercher \u00e0 suivre les chemins trac\u00e9s.<\/p>\n<p data-start=\"892\" data-end=\"1011\">Porter la S\u00e9lection Team Licorne, c\u2019est choisir une tenue coh\u00e9rente, durable et engag\u00e9e, fid\u00e8le \u00e0 l\u2019esprit Mission 240.<\/p>\n","protected":false},"excerpt":{"rendered":"<p>Un t-shirt et un hoodie Mission 240 r\u00e9unis dans une s\u00e9lection pens\u00e9e pour celles et ceux qui osent croire en l\u2019impossible.<br data-start=\"318\" data-end=\"321\" \/>M\u00eame identit\u00e9, m\u00eame \u00e9nergie, pour l\u2019entra\u00eenement comme pour le quotidien.<\/p>\n","protected":false},"featured_media":14378,"comment_status":"open","ping_status":"closed","template":"","meta":[],"product_brand":[],"product_cat":[110],"product_tag":[],"class_list":{"0":"post-14377","1":"product","2":"type-product","3":"status-publish","4":"has-post-thumbnail","6":"product_cat-pack","8":"first","9":"instock","10":"virtual","11":"purchasable","12":"product-type-bundle"},"bundled_by":[],"bundle_stock_status":"instock","bundle_stock_quantity":"","bundle_virtual":false,"bundle_layout":"default","bundle_add_to_cart_form_location":"default","bundle_editable_in_cart":false,"bundle_sold_individually_context":"product","bundle_item_grouping":"parent","bundle_min_size":2,"bundle_max_size":2,"bundle_price":{"price":{"min":{"incl_tax":"55","excl_tax":"55"},"max":{"incl_tax":"55","excl_tax":"55"}},"regular_price":{"min":{"incl_tax":"55","excl_tax":"55"},"max":{"incl_tax":"55","excl_tax":"55"}}},"bundled_items":[{"bundled_item_id":9,"product_id":1661,"menu_order":0,"quantity_min":1,"quantity_max":1,"quantity_default":1,"priced_individually":false,"shipped_individually":false,"override_title":false,"title":"T-shirt Team Licorne","override_description":false,"description":"","optional":false,"hide_thumbnail":false,"discount":"","override_variations":false,"allowed_variations":[],"override_default_variation_attributes":false,"default_variation_attributes":[],"single_product_visibility":"visible","cart_visibility":"visible","order_visibility":"visible","single_product_price_visibility":"visible","cart_price_visibility":"visible","order_price_visibility":"visible","stock_status":"in_stock"},{"bundled_item_id":10,"product_id":5501,"menu_order":1,"quantity_min":1,"quantity_max":1,"quantity_default":1,"priced_individually":false,"shipped_individually":false,"override_title":false,"title":"Hoodie Team Licorne \u2013 Paillettes & Kilom\u00e8tres","override_description":false,"description":"","optional":false,"hide_thumbnail":false,"discount":"","override_variations":false,"allowed_variations":[],"override_default_variation_attributes":false,"default_variation_attributes":[],"single_product_visibility":"visible","cart_visibility":"visible","order_visibility":"visible","single_product_price_visibility":"visible","cart_price_visibility":"visible","order_price_visibility":"visible","stock_status":"in_stock"}],"bundle_sell_ids":[],"_links":{"self":[{"href":"https:\/\/www.mission240.com\/collection\/wp-json\/wp\/v2\/product\/14377","targetHints":{"allow":["GET"]}}],"collection":[{"href":"https:\/\/www.mission240.com\/collection\/wp-json\/wp\/v2\/product"}],"about":[{"href":"https:\/\/www.mission240.com\/collection\/wp-json\/wp\/v2\/types\/product"}],"replies":[{"embeddable":true,"href":"https:\/\/www.mission240.com\/collection\/wp-json\/wp\/v2\/comments?post=14377"}],"wp:featuredmedia":[{"embeddable":true,"href":"https:\/\/www.mission240.com\/collection\/wp-json\/wp\/v2\/media\/14378"}],"wp:attachment":[{"href":"https:\/\/www.mission240.com\/collection\/wp-json\/wp\/v2\/media?parent=14377"}],"wp:term":[{"taxonomy":"product_brand","embeddable":true,"href":"https:\/\/www.mission240.com\/collection\/wp-json\/wp\/v2\/product_brand?post=14377"},{"taxonomy":"product_cat","embeddable":true,"href":"https:\/\/www.mission240.com\/collection\/wp-json\/wp\/v2\/product_cat?post=14377"},{"taxonomy":"product_tag","embeddable":true,"href":"https:\/\/www.mission240.com\/collection\/wp-json\/wp\/v2\/product_tag?post=14377"}],"curies":[{"name":"wp","href":"https:\/\/api.w.org\/{rel}","templated":true}]}}