{"id":14271,"date":"2026-01-02T11:36:43","date_gmt":"2026-01-02T10:36:43","guid":{"rendered":"https:\/\/www.mission240.com\/collection\/produit\/carte-cadeau\/"},"modified":"2026-01-02T11:46:40","modified_gmt":"2026-01-02T10:46:40","slug":"carte-cadeau","status":"publish","type":"product","link":"https:\/\/www.mission240.com\/collection\/produit\/carte-cadeau\/","title":{"rendered":"Carte Cadeau"},"content":{"rendered":"<h3 data-start=\"558\" data-end=\"594\">\ud83c\udfbd Un cadeau qui laisse le choix<\/h3>\n<p data-start=\"595\" data-end=\"713\">La carte cadeau Mission 240 permet \u00e0 la personne qui la re\u00e7oit de choisir <strong data-start=\"669\" data-end=\"712\">le v\u00eatement qui lui correspond vraiment<\/strong>.<\/p>\n<p data-start=\"715\" data-end=\"908\">Sport, entra\u00eenement, quotidien ou r\u00e9cup\u00e9ration :<br data-start=\"763\" data-end=\"766\" \/>les collections Mission 240 sont con\u00e7ues pour accompagner l\u2019effort <strong data-start=\"833\" data-end=\"839\">et<\/strong> la vie de tous les jours, avec un confort durable et un style sobre.<\/p>\n<p data-start=\"910\" data-end=\"958\">C\u2019est la solution parfaite quand on h\u00e9site sur :<\/p>\n<ul data-start=\"959\" data-end=\"1001\">\n<li data-start=\"959\" data-end=\"972\">\n<p data-start=\"961\" data-end=\"972\">la taille<\/p>\n<\/li>\n<li data-start=\"973\" data-end=\"986\">\n<p data-start=\"975\" data-end=\"986\">le mod\u00e8le<\/p>\n<\/li>\n<li data-start=\"987\" data-end=\"1001\">\n<p data-start=\"989\" data-end=\"1001\">la couleur<\/p>\n<\/li>\n<\/ul>\n<p data-start=\"1003\" data-end=\"1052\">Avec la carte cadeau, <strong data-start=\"1025\" data-end=\"1051\">aucune erreur possible<\/strong>.<\/p>\n<hr data-start=\"1054\" data-end=\"1057\" \/>\n<h3 data-start=\"1059\" data-end=\"1097\">\ud83e\uddf5 Des v\u00eatements pens\u00e9s pour durer<\/h3>\n<p data-start=\"1098\" data-end=\"1157\">Chaque pi\u00e8ce Mission 240 est con\u00e7ue avec la m\u00eame exigence :<\/p>\n<ul data-start=\"1158\" data-end=\"1327\">\n<li data-start=\"1158\" data-end=\"1197\">\n<p data-start=\"1160\" data-end=\"1197\">textiles confortables et respirants<\/p>\n<\/li>\n<li data-start=\"1198\" data-end=\"1230\">\n<p data-start=\"1200\" data-end=\"1230\">coupes adapt\u00e9es au mouvement<\/p>\n<\/li>\n<li data-start=\"1231\" data-end=\"1285\">\n<p data-start=\"1233\" data-end=\"1285\">impression premium con\u00e7ue pour durer dans le temps<\/p>\n<\/li>\n<li data-start=\"1286\" data-end=\"1327\">\n<p data-start=\"1288\" data-end=\"1327\">entretien facile, lavage apr\u00e8s lavage<\/p>\n<\/li>\n<\/ul>\n<p data-start=\"1329\" data-end=\"1383\">Des v\u00eatements faits pour \u00eatre port\u00e9s, utilis\u00e9s, v\u00e9cus.<\/p>\n<hr data-start=\"1385\" data-end=\"1388\" \/>\n<h3 data-start=\"1390\" data-end=\"1431\">\ud83e\udd0d Un impact solidaire r\u00e9el et assum\u00e9<\/h3>\n<p data-start=\"1432\" data-end=\"1482\">Mission 240 n\u2019est pas une marque comme les autres.<\/p>\n<p data-start=\"1484\" data-end=\"1593\">Elle est n\u00e9e d\u2019un d\u00e9fi r\u00e9el :<br data-start=\"1513\" data-end=\"1516\" \/><strong data-start=\"1516\" data-end=\"1557\">240 kilom\u00e8tres parcourus en solitaire<\/strong>, transform\u00e9s en engagement durable.<\/p>\n<p data-start=\"1595\" data-end=\"1687\">\ud83d\udc49 <strong data-start=\"1598\" data-end=\"1664\">Chaque commande Mission 240 int\u00e8gre une contribution solidaire<\/strong>, destin\u00e9e \u00e0 soutenir :<\/p>\n<ul data-start=\"1688\" data-end=\"1780\">\n<li data-start=\"1688\" data-end=\"1728\">\n<p data-start=\"1690\" data-end=\"1728\">des enfants en situation de handicap<\/p>\n<\/li>\n<li data-start=\"1729\" data-end=\"1753\">\n<p data-start=\"1731\" data-end=\"1753\">des sapeurs-pompiers<\/p>\n<\/li>\n<li data-start=\"1754\" data-end=\"1780\">\n<p data-start=\"1756\" data-end=\"1780\">des militaires bless\u00e9s<\/p>\n<\/li>\n<\/ul>\n<p data-start=\"1782\" data-end=\"1870\">Offrir une carte cadeau Mission 240, c\u2019est offrir :<br \/>\nun v\u00eatement <strong data-start=\"1846\" data-end=\"1852\">et<\/strong> un geste concret.<\/p>\n<hr data-start=\"1872\" data-end=\"1875\" \/>\n<h3 data-start=\"1877\" data-end=\"1920\">\ud83d\udce9 Comment fonctionne la carte cadeau ?<\/h3>\n<ol data-start=\"1921\" data-end=\"2158\">\n<li data-start=\"1921\" data-end=\"1971\">\n<p data-start=\"1924\" data-end=\"1971\">Vous choisissez le montant de la carte cadeau<\/p>\n<\/li>\n<li data-start=\"1972\" data-end=\"2029\">\n<p data-start=\"1975\" data-end=\"2029\">Le b\u00e9n\u00e9ficiaire re\u00e7oit un <strong data-start=\"2001\" data-end=\"2027\">code unique par e-mail<\/strong><\/p>\n<\/li>\n<li data-start=\"2030\" data-end=\"2097\">\n<p data-start=\"2033\" data-end=\"2097\">Le code est utilisable directement sur la boutique Mission 240<\/p>\n<\/li>\n<li data-start=\"2098\" data-end=\"2158\">\n<p data-start=\"2101\" data-end=\"2158\">Le solde peut \u00eatre utilis\u00e9 <strong data-start=\"2128\" data-end=\"2156\">en une ou plusieurs fois<\/strong><\/p>\n<\/li>\n<\/ol>\n<p data-start=\"2160\" data-end=\"2192\">Simple, rapide, sans contrainte.<\/p>\n<hr data-start=\"2194\" data-end=\"2197\" \/>\n<h3 data-start=\"2199\" data-end=\"2251\">\u2705 Pourquoi choisir la carte cadeau Mission 240 ?<\/h3>\n<p data-start=\"2252\" data-end=\"2438\">\u2714 Aucun risque de taille ou de mod\u00e8le<br data-start=\"2289\" data-end=\"2292\" \/>\u2714 Valable sur toute la boutique<br data-start=\"2323\" data-end=\"2326\" \/>\u2714 Utilisable en plusieurs fois<br data-start=\"2356\" data-end=\"2359\" \/>\u2714 Un cadeau utile et engag\u00e9<br data-start=\"2386\" data-end=\"2389\" \/>\u2714 Une marque fran\u00e7aise, humaine et ind\u00e9pendante<\/p>\n","protected":false},"excerpt":{"rendered":"<p data-start=\"407\" data-end=\"440\"><strong data-start=\"407\" data-end=\"438\">La Carte Cadeau Mission 240<\/strong><\/p>\n<p data-start=\"447\" data-end=\"510\">Le choix parfait quand on veut faire plaisir sans se tromper.<\/p>\n<p data-start=\"517\" data-end=\"648\">Offrez une carte cadeau valable sur toute la boutique Mission 240 :<br data-start=\"584\" data-end=\"587\" \/>t-shirts, manches longues, sweats et futures collections.<\/p>\n<p data-start=\"655\" data-end=\"698\">Un cadeau utile, engag\u00e9 et porteur de sens.<\/p>\n","protected":false},"featured_media":14276,"comment_status":"closed","ping_status":"closed","template":"","meta":[],"product_brand":[],"product_cat":[15],"product_tag":[],"class_list":{"0":"post-14271","1":"product","2":"type-product","3":"status-publish","4":"has-post-thumbnail","6":"product_cat-univers","8":"first","9":"instock","10":"purchasable","11":"product-type-pw-gift-card"},"bundled_by":[],"bundle_stock_status":"instock","bundle_stock_quantity":null,"bundle_virtual":false,"bundle_layout":"","bundle_add_to_cart_form_location":"","bundle_editable_in_cart":false,"bundle_sold_individually_context":"","bundle_item_grouping":"","bundle_min_size":"","bundle_max_size":"","bundle_price":[],"bundled_items":[],"bundle_sell_ids":[],"_links":{"self":[{"href":"https:\/\/www.mission240.com\/collection\/wp-json\/wp\/v2\/product\/14271","targetHints":{"allow":["GET"]}}],"collection":[{"href":"https:\/\/www.mission240.com\/collection\/wp-json\/wp\/v2\/product"}],"about":[{"href":"https:\/\/www.mission240.com\/collection\/wp-json\/wp\/v2\/types\/product"}],"replies":[{"embeddable":true,"href":"https:\/\/www.mission240.com\/collection\/wp-json\/wp\/v2\/comments?post=14271"}],"wp:featuredmedia":[{"embeddable":true,"href":"https:\/\/www.mission240.com\/collection\/wp-json\/wp\/v2\/media\/14276"}],"wp:attachment":[{"href":"https:\/\/www.mission240.com\/collection\/wp-json\/wp\/v2\/media?parent=14271"}],"wp:term":[{"taxonomy":"product_brand","embeddable":true,"href":"https:\/\/www.mission240.com\/collection\/wp-json\/wp\/v2\/product_brand?post=14271"},{"taxonomy":"product_cat","embeddable":true,"href":"https:\/\/www.mission240.com\/collection\/wp-json\/wp\/v2\/product_cat?post=14271"},{"taxonomy":"product_tag","embeddable":true,"href":"https:\/\/www.mission240.com\/collection\/wp-json\/wp\/v2\/product_tag?post=14271"}],"curies":[{"name":"wp","href":"https:\/\/api.w.org\/{rel}","templated":true}]}}