{"id":12980,"date":"2025-12-17T12:30:06","date_gmt":"2025-12-17T11:30:06","guid":{"rendered":"https:\/\/www.mission240.com\/collection\/?post_type=product&#038;p=12980"},"modified":"2026-04-02T16:13:23","modified_gmt":"2026-04-02T14:13:23","slug":"hoodie-team-biere","status":"publish","type":"product","link":"https:\/\/www.mission240.com\/collection\/produit\/hoodie-team-biere\/","title":{"rendered":"Hoodie Team Bi\u00e8re"},"content":{"rendered":"<p data-start=\"514\" data-end=\"673\">Ce hoodie <strong data-start=\"524\" data-end=\"567\">\u00ab Je cours pour la bi\u00e8re \u2013 Team Bi\u00e8re \u00bb<\/strong> s\u2019adresse aux coureurs qui assument pleinement leur philosophie : oui, on court\u2026 mais avec le sourire \ud83c\udf7a.<\/p>\n<p data-start=\"675\" data-end=\"932\">Le visuel dans le dos met en sc\u00e8ne un coureur au dossard <strong data-start=\"732\" data-end=\"739\">240<\/strong>, bi\u00e8re \u00e0 la main, symbole parfait de l\u2019\u00e9quilibre entre effort et plaisir. Un clin d\u2019\u0153il assum\u00e9 \u00e0 tous ceux qui aiment repousser leurs limites tout en gardant un esprit convivial et bon vivant.<\/p>\n<p data-start=\"934\" data-end=\"1227\">Con\u00e7u pour \u00eatre port\u00e9 <strong data-start=\"956\" data-end=\"1013\">avant l\u2019entra\u00eenement, apr\u00e8s la course ou au quotidien<\/strong>, ce hoodie offre un excellent compromis entre confort, chaleur et style. Sa coupe agr\u00e9able permet une grande libert\u00e9 de mouvement, tandis que la capuche apporte une touche d\u00e9contract\u00e9e id\u00e9ale pour les moments off.<\/p>\n<p data-start=\"1229\" data-end=\"1261\">C\u2019est le v\u00eatement parfait pour :<\/p>\n<ul data-start=\"1262\" data-end=\"1450\">\n<li data-start=\"1262\" data-end=\"1296\">les \u00e9v\u00e9nements sportifs informels<\/li>\n<li data-start=\"1335\" data-end=\"1392\">\n<p data-start=\"1337\" data-end=\"1392\">les fins de course qui se terminent autour d\u2019un verre<\/p>\n<\/li>\n<li data-start=\"1393\" data-end=\"1450\">\n<p data-start=\"1395\" data-end=\"1450\">afficher fi\u00e8rement son appartenance \u00e0 la <strong data-start=\"1436\" data-end=\"1450\">Team Bi\u00e8re<\/strong><\/p>\n<\/li>\n<\/ul>\n<p data-start=\"1452\" data-end=\"1596\">Un hoodie qui ne se contente pas d\u2019habiller :<br data-start=\"1497\" data-end=\"1500\" \/>\ud83d\udc49 il raconte un \u00e9tat d\u2019esprit, celui des coureurs qui savent pourquoi ils courent\u2026 et pour qui.<\/p>\n","protected":false},"excerpt":{"rendered":"<p data-start=\"168\" data-end=\"481\">Hoodie confortable et d\u00e9cal\u00e9 pour coureurs \u00e9picuriens.<br data-start=\"222\" data-end=\"225\" \/>Le visuel <strong data-start=\"235\" data-end=\"278\">\u00ab Je cours pour la bi\u00e8re \u2013 Team Bi\u00e8re \u00bb<\/strong> affiche clairement l\u2019esprit : courir s\u00e9rieusement, sans jamais se prendre trop au s\u00e9rieux.<br data-start=\"369\" data-end=\"372\" \/>Id\u00e9al avant ou apr\u00e8s l\u2019effort, pour les sorties running conviviales ou les troisi\u00e8mes mi-temps bien m\u00e9rit\u00e9es.<\/p>\n","protected":false},"featured_media":13002,"comment_status":"open","ping_status":"closed","template":"","meta":[],"product_brand":[],"product_cat":[21],"product_tag":[],"class_list":{"0":"post-12980","1":"product","2":"type-product","3":"status-publish","4":"has-post-thumbnail","6":"product_cat-sweat","7":"pa_taille-2xl","8":"pa_taille-l","9":"pa_taille-m","10":"pa_taille-s","11":"pa_taille-xl","13":"first","14":"instock","15":"shipping-taxable","16":"purchasable","17":"product-type-variable"},"bundled_by":[],"bundle_stock_status":"instock","bundle_stock_quantity":null,"bundle_virtual":false,"bundle_layout":"","bundle_add_to_cart_form_location":"","bundle_editable_in_cart":false,"bundle_sold_individually_context":"","bundle_item_grouping":"","bundle_min_size":"","bundle_max_size":"","bundle_price":[],"bundled_items":[],"bundle_sell_ids":[],"_links":{"self":[{"href":"https:\/\/www.mission240.com\/collection\/wp-json\/wp\/v2\/product\/12980","targetHints":{"allow":["GET"]}}],"collection":[{"href":"https:\/\/www.mission240.com\/collection\/wp-json\/wp\/v2\/product"}],"about":[{"href":"https:\/\/www.mission240.com\/collection\/wp-json\/wp\/v2\/types\/product"}],"replies":[{"embeddable":true,"href":"https:\/\/www.mission240.com\/collection\/wp-json\/wp\/v2\/comments?post=12980"}],"wp:featuredmedia":[{"embeddable":true,"href":"https:\/\/www.mission240.com\/collection\/wp-json\/wp\/v2\/media\/13002"}],"wp:attachment":[{"href":"https:\/\/www.mission240.com\/collection\/wp-json\/wp\/v2\/media?parent=12980"}],"wp:term":[{"taxonomy":"product_brand","embeddable":true,"href":"https:\/\/www.mission240.com\/collection\/wp-json\/wp\/v2\/product_brand?post=12980"},{"taxonomy":"product_cat","embeddable":true,"href":"https:\/\/www.mission240.com\/collection\/wp-json\/wp\/v2\/product_cat?post=12980"},{"taxonomy":"product_tag","embeddable":true,"href":"https:\/\/www.mission240.com\/collection\/wp-json\/wp\/v2\/product_tag?post=12980"}],"curies":[{"name":"wp","href":"https:\/\/api.w.org\/{rel}","templated":true}]}}