{"id":390,"date":"2025-09-18T18:50:11","date_gmt":"2025-09-18T16:50:11","guid":{"rendered":"https:\/\/www.mission240.com\/collection\/?page_id=390"},"modified":"2026-03-20T16:55:30","modified_gmt":"2026-03-20T15:55:30","slug":"mentions-legales","status":"publish","type":"page","link":"https:\/\/www.mission240.com\/collection\/mentions-legales\/","title":{"rendered":"\ud83d\udccc Mentions l\u00e9gales"},"content":{"rendered":"\n<section>\n  <h2>1. \u00c9diteur du site<\/h2>\n  <p>\n    Le site <strong>www.mission240.com<\/strong> est \u00e9dit\u00e9 par :\n  <\/p>\n  <p>\n    <strong>Mission 240 SASU<\/strong><br>\n    Capital social : 1 000 \u20ac<br>\n    Si\u00e8ge social : 21 rue de la Tramontane, 34350 Vendres \u2013 France<br>\n    Immatricul\u00e9e au RCS de B\u00e9ziers sous le num\u00e9ro 100 017 342<br>\n    Num\u00e9ro SIREN : 100 017 342\n<br><br>\n<b>Adresse de l&rsquo;\u00e9tablissement<\/b><br>\n1 Avenue de Rome<br>\nZAE Via Europa<br>\nImmeuble Les Cassis<br>\nLocal 4\n  <\/p>\n  <p>\n    Email : <a href=\"mailto:christophe@mission240.com\">christophe@mission240.com<\/a><br>\n    T\u00e9l\u00e9phone : 06 19 60 23 71\n  <\/p>\n<\/section>\n\n<section>\n  <h2>2. Directeur de la publication<\/h2>\n  <p>\n    Le directeur de la publication est :<br>\n    <strong>Monsieur Christophe KLOUCHI<\/strong>, Pr\u00e9sident de la soci\u00e9t\u00e9 Mission 240\n  <\/p>\n<\/section>\n\n<section>\n  <h2>3. H\u00e9bergement<\/h2>\n  <p>\n    Le site est h\u00e9berg\u00e9 par :\n  <\/p>\n  <p>\n    <strong>Infomaniak Network SA<\/strong><br>\n    Rue Eug\u00e8ne-Marziano<br>\n    1227 Les Acacias \u2013 Gen\u00e8ve<br>\n    Suisse<br>\n    Site : <a href=\"https:\/\/www.infomaniak.com\" target=\"_blank\" rel=\"noopener\">https:\/\/www.infomaniak.com<\/a>\n  <\/p>\n<\/section>\n\n<section>\n  <h2>4. Propri\u00e9t\u00e9 intellectuelle<\/h2>\n  <p>\n    L\u2019ensemble du contenu du site <strong>Mission 240<\/strong> (textes, images, photographies, logos, \u00e9l\u00e9ments graphiques,\n    vid\u00e9os, produits, visuels et supports de communication) est prot\u00e9g\u00e9 par les dispositions du Code de la propri\u00e9t\u00e9\n    intellectuelle et par les lois internationales relatives au droit d\u2019auteur.\n  <\/p>\n  <p>\n    Toute reproduction, repr\u00e9sentation, modification, adaptation ou exploitation, totale ou partielle, du site ou de\n    l\u2019un quelconque de ses \u00e9l\u00e9ments, sans autorisation \u00e9crite pr\u00e9alable de Mission 240, est strictement interdite.\n  <\/p>\n<\/section>\n\n<section>\n  <h2>5. Responsabilit\u00e9<\/h2>\n  <p>\n    Mission 240 s\u2019efforce de fournir sur le site des informations aussi pr\u00e9cises et \u00e0 jour que possible. Toutefois, des\n    erreurs ou omissions peuvent survenir.\n  <\/p>\n  <p>\n    La soci\u00e9t\u00e9 Mission 240 ne pourra \u00eatre tenue responsable :\n  <\/p>\n  <ul>\n    <li>des \u00e9ventuelles erreurs ou omissions dan\n","protected":false},"excerpt":{"rendered":"<p>1. \u00c9diteur du site Le site www.mission240.com est \u00e9dit\u00e9 par : Mission 240 SASU Capital social : 1 000 \u20ac Si\u00e8ge social : 21 rue de la Tramontane, 34350 Vendres \u2013 France Immatricul\u00e9e au RCS de B\u00e9ziers sous le num\u00e9ro 100 017 342 Num\u00e9ro SIREN : 100 017 342 Adresse de l&rsquo;\u00e9tablissement 1 Avenue de [&hellip;]<\/p>\n","protected":false},"author":1,"featured_media":0,"parent":0,"menu_order":0,"comment_status":"closed","ping_status":"closed","template":"","meta":{"footnotes":""},"class_list":["post-390","page","type-page","status-publish","hentry"],"_links":{"self":[{"href":"https:\/\/www.mission240.com\/collection\/wp-json\/wp\/v2\/pages\/390","targetHints":{"allow":["GET"]}}],"collection":[{"href":"https:\/\/www.mission240.com\/collection\/wp-json\/wp\/v2\/pages"}],"about":[{"href":"https:\/\/www.mission240.com\/collection\/wp-json\/wp\/v2\/types\/page"}],"author":[{"embeddable":true,"href":"https:\/\/www.mission240.com\/collection\/wp-json\/wp\/v2\/users\/1"}],"replies":[{"embeddable":true,"href":"https:\/\/www.mission240.com\/collection\/wp-json\/wp\/v2\/comments?post=390"}],"version-history":[{"count":0,"href":"https:\/\/www.mission240.com\/collection\/wp-json\/wp\/v2\/pages\/390\/revisions"}],"wp:attachment":[{"href":"https:\/\/www.mission240.com\/collection\/wp-json\/wp\/v2\/media?parent=390"}],"curies":[{"name":"wp","href":"https:\/\/api.w.org\/{rel}","templated":true}]}}