{"id":20228,"date":"2026-03-04T08:18:40","date_gmt":"2026-03-04T07:18:40","guid":{"rendered":"https:\/\/www.mission240.com\/collection\/?page_id=20228"},"modified":"2026-03-04T08:36:22","modified_gmt":"2026-03-04T07:36:22","slug":"demande-de-retour","status":"publish","type":"page","link":"https:\/\/www.mission240.com\/collection\/demande-de-retour\/","title":{"rendered":"Demande de retour"},"content":{"rendered":"\n<p>Avant tout retour, merci de remplir ce formulaire afin que nous puissions v\u00e9rifier l\u2019\u00e9ligibilit\u00e9 de votre demande.<\/p>\n\n\n\n<p>Une fois votre demande valid\u00e9e, nous vous enverrons les instructions pour effectuer le retour.<\/p>\n\n\n\n<p><strong>Pour un \u00e9change de taille, nous vous recommandons de repasser imm\u00e9diatement commande de la bonne taille. <\/strong><\/p>\n\n\n\n<p>L\u2019article retourn\u00e9 sera ensuite rembours\u00e9 apr\u00e8s r\u00e9ception et contr\u00f4le.<\/p>\n\n\n\n<p>Les produits personnalis\u00e9s ou fabriqu\u00e9s \u00e0 la commande ne peuvent pas \u00eatre retourn\u00e9s, sauf en cas de d\u00e9faut.<\/p>\n\n\n\n<div class=\"wpcf7 no-js\" id=\"wpcf7-f20227-o1\" lang=\"fr-FR\" dir=\"ltr\" data-wpcf7-id=\"20227\">\n<div class=\"screen-reader-response\"><p role=\"status\" aria-live=\"polite\" aria-atomic=\"true\"><\/p> <ul><\/ul><\/div>\n<form action=\"\/collection\/wp-json\/wp\/v2\/pages\/20228#wpcf7-f20227-o1\" method=\"post\" class=\"wpcf7-form init\" aria-label=\"Formulaire de contact\" novalidate=\"novalidate\" data-status=\"init\">\n<fieldset class=\"hidden-fields-container\"><input type=\"hidden\" name=\"_wpcf7\" value=\"20227\" \/><input type=\"hidden\" name=\"_wpcf7_version\" value=\"6.1.5\" \/><input type=\"hidden\" name=\"_wpcf7_locale\" value=\"fr_FR\" \/><input type=\"hidden\" name=\"_wpcf7_unit_tag\" value=\"wpcf7-f20227-o1\" \/><input type=\"hidden\" name=\"_wpcf7_container_post\" value=\"0\" \/><input type=\"hidden\" name=\"_wpcf7_posted_data_hash\" value=\"\" \/>\n<\/fieldset>\n<p><label>Votre nom<\/label><br \/>\n<span class=\"wpcf7-form-control-wrap\" data-name=\"your-name\"><input size=\"40\" maxlength=\"400\" class=\"wpcf7-form-control wpcf7-text wpcf7-validates-as-required\" aria-required=\"true\" aria-invalid=\"false\" value=\"\" type=\"text\" name=\"your-name\" \/><\/span>\n<\/p>\n<p><label>Votre email<\/label><br \/>\n<span class=\"wpcf7-form-control-wrap\" data-name=\"your-email\"><input size=\"40\" maxlength=\"400\" class=\"wpcf7-form-control wpcf7-email wpcf7-validates-as-required wpcf7-text wpcf7-validates-as-email\" aria-required=\"true\" aria-invalid=\"false\" value=\"\" type=\"email\" name=\"your-email\" \/><\/span>\n<\/p>\n<p><label>Num\u00e9ro de commande<\/label><br \/>\n<span class=\"wpcf7-form-control-wrap\" data-name=\"order-number\"><input size=\"40\" maxlength=\"400\" class=\"wpcf7-form-control wpcf7-text wpcf7-validates-as-required\" aria-required=\"true\" aria-invalid=\"false\" value=\"\" type=\"text\" name=\"order-number\" \/><\/span>\n<\/p>\n<p><label>Produit concern\u00e9<\/label><br \/>\n<span class=\"wpcf7-form-control-wrap\" data-name=\"product-name\"><input size=\"40\" maxlength=\"400\" class=\"wpcf7-form-control wpcf7-text wpcf7-validates-as-required\" aria-required=\"true\" aria-invalid=\"false\" value=\"\" type=\"text\" name=\"product-name\" \/><\/span>\n<\/p>\n<p><label>Taille re\u00e7ue<\/label><br \/>\n<span class=\"wpcf7-form-control-wrap\" data-name=\"size-received\"><input size=\"40\" maxlength=\"400\" class=\"wpcf7-form-control wpcf7-text\" aria-invalid=\"false\" value=\"\" type=\"text\" name=\"size-received\" \/><\/span>\n<\/p>\n<p><label>Taille souhait\u00e9e (si \u00e9change)<\/label><br \/>\n<span class=\"wpcf7-form-control-wrap\" data-name=\"size-wanted\"><input size=\"40\" maxlength=\"400\" class=\"wpcf7-form-control wpcf7-text\" aria-invalid=\"false\" value=\"\" type=\"text\" name=\"size-wanted\" \/><\/span>\n<\/p>\n<p><label>Motif du retour<\/label><br \/>\n<span class=\"wpcf7-form-control-wrap\" data-name=\"return-reason\"><select class=\"wpcf7-form-control wpcf7-select wpcf7-validates-as-required\" aria-required=\"true\" aria-invalid=\"false\" name=\"return-reason\"><option value=\"Taille trop petite\">Taille trop petite<\/option><option value=\"Taille trop grande\">Taille trop grande<\/option><option value=\"Changement d&#039;avis\">Changement d&#039;avis<\/option><option value=\"D\u00e9faut produit\">D\u00e9faut produit<\/option><option value=\"Autre\">Autre<\/option><\/select><\/span>\n<\/p>\n<p><label>Votre demande<\/label><br \/>\n<span class=\"wpcf7-form-control-wrap\" data-name=\"return-request\"><select class=\"wpcf7-form-control wpcf7-select wpcf7-validates-as-required\" aria-required=\"true\" aria-invalid=\"false\" name=\"return-request\"><option value=\"Remboursement\">Remboursement<\/option><option value=\"\u00c9change de taille\">\u00c9change de taille<\/option><\/select><\/span>\n<\/p>\n<p><label>Le produit est-il personnalis\u00e9 ou fabriqu\u00e9 \u00e0 la commande ?<\/label><br \/>\n<span class=\"wpcf7-form-control-wrap\" data-name=\"custom-product\"><span class=\"wpcf7-form-control wpcf7-radio\"><span class=\"wpcf7-list-item first\"><label><input type=\"radio\" name=\"custom-product\" value=\"Non\" checked=\"checked\" \/><span class=\"wpcf7-list-item-label\">Non<\/span><\/label><\/span><span class=\"wpcf7-list-item last\"><label><input type=\"radio\" name=\"custom-product\" value=\"Oui\" \/><span class=\"wpcf7-list-item-label\">Oui<\/span><\/label><\/span><\/span><\/span>\n<\/p>\n<p style=\"font-size:14px;color:#666;\"><br \/>\nLes produits personnalis\u00e9s ou fabriqu\u00e9s \u00e0 la commande ne peuvent pas \u00eatre retourn\u00e9s sauf en cas de d\u00e9faut.\n<\/p>\n<p><label>Message compl\u00e9mentaire<\/label><br \/>\n<span class=\"wpcf7-form-control-wrap\" data-name=\"your-message\"><textarea cols=\"40\" rows=\"10\" maxlength=\"2000\" class=\"wpcf7-form-control wpcf7-textarea\" aria-invalid=\"false\" name=\"your-message\"><\/textarea><\/span>\n<\/p>\n<p><input class=\"wpcf7-form-control wpcf7-submit has-spinner\" type=\"submit\" value=\"Envoyer la demande de retour\" \/>\n<\/p><div class=\"wpcf7-response-output\" aria-hidden=\"true\"><\/div>\n<\/form>\n<\/div>\n\n","protected":false},"excerpt":{"rendered":"<p>Avant tout retour, merci de remplir ce formulaire afin que nous puissions v\u00e9rifier l\u2019\u00e9ligibilit\u00e9 de votre demande. Une fois votre demande valid\u00e9e, nous vous enverrons les instructions pour effectuer le retour. Pour un \u00e9change de taille, nous vous recommandons de repasser imm\u00e9diatement commande de la bonne taille. L\u2019article retourn\u00e9 sera ensuite rembours\u00e9 apr\u00e8s r\u00e9ception et [&hellip;]<\/p>\n","protected":false},"author":1,"featured_media":0,"parent":0,"menu_order":0,"comment_status":"closed","ping_status":"closed","template":"","meta":{"footnotes":""},"class_list":["post-20228","page","type-page","status-publish","hentry"],"_links":{"self":[{"href":"https:\/\/www.mission240.com\/collection\/wp-json\/wp\/v2\/pages\/20228","targetHints":{"allow":["GET"]}}],"collection":[{"href":"https:\/\/www.mission240.com\/collection\/wp-json\/wp\/v2\/pages"}],"about":[{"href":"https:\/\/www.mission240.com\/collection\/wp-json\/wp\/v2\/types\/page"}],"author":[{"embeddable":true,"href":"https:\/\/www.mission240.com\/collection\/wp-json\/wp\/v2\/users\/1"}],"replies":[{"embeddable":true,"href":"https:\/\/www.mission240.com\/collection\/wp-json\/wp\/v2\/comments?post=20228"}],"version-history":[{"count":0,"href":"https:\/\/www.mission240.com\/collection\/wp-json\/wp\/v2\/pages\/20228\/revisions"}],"wp:attachment":[{"href":"https:\/\/www.mission240.com\/collection\/wp-json\/wp\/v2\/media?parent=20228"}],"curies":[{"name":"wp","href":"https:\/\/api.w.org\/{rel}","templated":true}]}}